{"id":5969,"date":"2021-11-18T20:23:52","date_gmt":"2021-11-18T20:23:52","guid":{"rendered":"https:\/\/study.euc.ac.cy\/bachelor-dentistry\/"},"modified":"2024-11-07T17:10:25","modified_gmt":"2024-11-07T14:10:25","slug":"bachelor-dentistry","status":"publish","type":"page","link":"https:\/\/study.euc.ac.cy\/sv\/bachelor-dentistry\/","title":{"rendered":"Kandidat i tandkirurgi"},"content":{"rendered":"<p>[et_pb_section fb_built=&#8221;1&#8243; _builder_version=&#8221;4.13.0&#8243; _dynamic_attributes=&#8221;background_image&#8221; _module_preset=&#8221;default&#8221; background_image=&#8221;@ET-DC@eyJkeW5hbWljIjp0cnVlLCJjb250ZW50IjoicG9zdF9mZWF0dXJlZF9pbWFnZSIsInNldHRpbmdzIjp7fX0=@&#8221; background_blend=&#8221;darken&#8221; custom_css_main_element=&#8221;background-color: rgba(53,52,48,0.7);&#8221; global_colors_info=&#8221;{}&#8221;][et_pb_row column_structure=&#8221;3_5,2_5&#8243; _builder_version=&#8221;4.13.0&#8243; _module_preset=&#8221;default&#8221; global_colors_info=&#8221;{}&#8221;][et_pb_column type=&#8221;3_5&#8243; _builder_version=&#8221;4.13.0&#8243; _module_preset=&#8221;default&#8221; global_colors_info=&#8221;{}&#8221;][et_pb_text admin_label=&#8221;Program title&#8221; _builder_version=&#8221;4.13.0&#8243; _dynamic_attributes=&#8221;content&#8221; _module_preset=&#8221;default&#8221; text_font=&#8221;|700|||||||&#8221; text_text_color=&#8221;#FFFFFF&#8221; text_font_size=&#8221;45px&#8221; text_line_height=&#8221;1.5em&#8221; custom_margin=&#8221;13%||||false|false&#8221; global_colors_info=&#8221;{}&#8221;]@ET-DC@eyJkeW5hbWljIjp0cnVlLCJjb250ZW50IjoicG9zdF9tZXRhX2tleSIsInNldHRpbmdzIjp7ImJlZm9yZSI6IiIsImFmdGVyIjoiIiwibWV0YV9rZXkiOiJwcm9ncmFtX25hbWUiLCJlbmFibGVfaHRtbCI6Im9mZiJ9fQ==@[\/et_pb_text][et_pb_text admin_label=&#8221;Slogun&#8221; _builder_version=&#8221;4.14.2&#8243; _dynamic_attributes=&#8221;content&#8221; _module_preset=&#8221;default&#8221; text_text_color=&#8221;#FFFFFF&#8221; text_font_size=&#8221;25px&#8221; text_line_height=&#8221;1.5em&#8221; custom_margin=&#8221;10%||||false|false&#8221; custom_padding=&#8221;|||5px|false|false&#8221; custom_css_main_element=&#8221;||  &#8221; border_width_left=&#8221;5px&#8221; border_color_left=&#8221;#E02B20&#8243; global_colors_info=&#8221;{}&#8221;]@ET-DC@eyJkeW5hbWljIjp0cnVlLCJjb250ZW50IjoiY3VzdG9tX21ldGFfc2xvZ3VuIiwic2V0dGluZ3MiOnsiYmVmb3JlIjoiIiwiYWZ0ZXIiOiIiLCJlbmFibGVfaHRtbCI6Im9uIn19@[\/et_pb_text][\/et_pb_column][et_pb_column type=&#8221;2_5&#8243; _builder_version=&#8221;4.13.0&#8243; _module_preset=&#8221;default&#8221; background_color=&#8221;#000000&#8243; custom_padding=&#8221;10px|10px|10px|10px|false|false&#8221; box_shadow_style=&#8221;preset1&#8243; global_colors_info=&#8221;{}&#8221;][et_pb_text admin_label=&#8221;Request Information&#8221; _builder_version=&#8221;4.14.2&#8243; _module_preset=&#8221;default&#8221; text_font=&#8221;|700|||||||&#8221; text_text_color=&#8221;#FFFFFF&#8221; text_font_size=&#8221;30px&#8221; text_orientation=&#8221;center&#8221; custom_margin=&#8221;||4%||false|false&#8221; hover_enabled=&#8221;0&#8243; global_colors_info=&#8221;{}&#8221; sticky_enabled=&#8221;0&#8243;]<\/p>\n<p>Beg\u00e4r information<\/p>\n<p>[\/et_pb_text][et_pb_text admin_label=&#8221;Form subtitle&#8221; _builder_version=&#8221;4.14.2&#8243; _module_preset=&#8221;default&#8221; text_font=&#8221;||||||||&#8221; text_text_color=&#8221;#eeeeee&#8221; text_font_size=&#8221;16px&#8221; text_orientation=&#8221;center&#8221; custom_margin=&#8221;||4%||false|false&#8221; hover_enabled=&#8221;0&#8243; global_colors_info=&#8221;{}&#8221; sticky_enabled=&#8221;0&#8243;]<\/p>\n<p>Den nya terminen b\u00f6rjar oktober 2025<\/p>\n<p>[\/et_pb_text][et_pb_text _builder_version=&#8221;4.13.0&#8243; _dynamic_attributes=&#8221;content&#8221; _module_preset=&#8221;default&#8221; global_colors_info=&#8221;{}&#8221;]@ET-DC@eyJkeW5hbWljIjp0cnVlLCJjb250ZW50IjoicG9zdF9tZXRhX2tleSIsInNldHRpbmdzIjp7ImJlZm9yZSI6IltncmF2aXR5Zm9ybSBpZD1cIjFcIiB0aXRsZT1cImZhbHNlXCIgZGVzY3JpcHRpb249XCJmYWxzZVwiIGFqYXg9XCJ0cnVlXCIgZmllbGRfdmFsdWVzPVwiYXJlYS1vZi1zdHVkeT0iLCJhZnRlciI6IlwiXSIsIm1ldGFfa2V5IjoicHJvZ3JhbV9jcm1fdmFsdWUiLCJlbmFibGVfaHRtbCI6Im9mZiJ9fQ==@[\/et_pb_text][\/et_pb_column][\/et_pb_row][\/et_pb_section][et_pb_section fb_built=&#8221;1&#8243; admin_label=&#8221;Program summary EN&#8221; _builder_version=&#8221;4.13.0&#8243; _module_preset=&#8221;default&#8221; custom_padding=&#8221;10px||0px|||&#8221; saved_tabs=&#8221;all&#8221; global_colors_info=&#8221;{}&#8221;][et_pb_row column_structure=&#8221;1_4,1_4,1_4,1_4&#8243; _builder_version=&#8221;4.13.0&#8243; _module_preset=&#8221;default&#8221; global_colors_info=&#8221;{}&#8221;][et_pb_column type=&#8221;1_4&#8243; _builder_version=&#8221;4.13.0&#8243; _module_preset=&#8221;default&#8221; custom_padding=&#8221;5px||5px||false|false&#8221; border_width_right=&#8221;1px&#8221; border_color_right=&#8221;#cecece&#8221; global_colors_info=&#8221;{}&#8221;][et_pb_text admin_label=&#8221;Degree Awarded&#8221; _builder_version=&#8221;4.14.2&#8243; _module_preset=&#8221;default&#8221; text_font=&#8221;|700|||||||&#8221; text_text_color=&#8221;#ee4123&#8243; text_font_size=&#8221;18px&#8221; text_orientation=&#8221;center&#8221; custom_margin=&#8221;||3%||false|false&#8221; custom_padding=&#8221;||||false|false&#8221; border_color_right=&#8221;#cecece&#8221; global_colors_info=&#8221;{}&#8221;]<\/p>\n<div class=\"et_pb_with_border et_pb_module et_pb_text et_pb_text_5  et_pb_text_align_center et_pb_bg_layout_light\">\n<div class=\"et_pb_text_inner\">\n<p>Grad tilldelad<\/p>\n<\/div>\n<\/div>\n<p>[\/et_pb_text][et_pb_text admin_label=&#8221;Language text&#8221; _builder_version=&#8221;4.14.2&#8243; _module_preset=&#8221;default&#8221; text_font_size=&#8221;17px&#8221; text_orientation=&#8221;center&#8221; global_colors_info=&#8221;{}&#8221;]<\/p>\n<p>Kandidatexamen (5 \u00e5r)<\/p>\n<p>[\/et_pb_text][\/et_pb_column][et_pb_column type=&#8221;1_4&#8243; _builder_version=&#8221;4.13.0&#8243; _module_preset=&#8221;default&#8221; custom_padding=&#8221;5px||5px||false|false&#8221; border_color_all=&#8221;#cecece&#8221; border_width_right=&#8221;1px&#8221; global_colors_info=&#8221;{}&#8221;][et_pb_text admin_label=&#8221;Language&#8221; _builder_version=&#8221;4.14.2&#8243; _module_preset=&#8221;default&#8221; text_font=&#8221;|700|||||||&#8221; text_text_color=&#8221;#ee4123&#8243; text_font_size=&#8221;18px&#8221; text_orientation=&#8221;center&#8221; custom_margin=&#8221;||3%||false|false&#8221; custom_padding=&#8221;||||false|false&#8221; border_color_right=&#8221;#cecece&#8221; global_colors_info=&#8221;{}&#8221;]<\/p>\n<p>Spr\u00e5k<\/p>\n<p>[\/et_pb_text][et_pb_text admin_label=&#8221;Language text&#8221; _builder_version=&#8221;4.14.2&#8243; _module_preset=&#8221;default&#8221; text_font_size=&#8221;17px&#8221; text_orientation=&#8221;center&#8221; global_colors_info=&#8221;{}&#8221;]<\/p>\n<p>Engelska<\/p>\n<p>[\/et_pb_text][\/et_pb_column][et_pb_column type=&#8221;1_4&#8243; _builder_version=&#8221;4.13.0&#8243; _module_preset=&#8221;default&#8221; custom_padding=&#8221;5px||5px||false|false&#8221; border_width_right=&#8221;1px&#8221; border_color_right=&#8221;#cecece&#8221; global_colors_info=&#8221;{}&#8221;][et_pb_text admin_label=&#8221;Methodology&#8221; _builder_version=&#8221;4.14.2&#8243; _module_preset=&#8221;default&#8221; text_font=&#8221;|700|||||||&#8221; text_text_color=&#8221;#ee4123&#8243; text_font_size=&#8221;18px&#8221; text_orientation=&#8221;center&#8221; custom_margin=&#8221;||3%||false|false&#8221; custom_padding=&#8221;||||false|false&#8221; border_color_right=&#8221;#cecece&#8221; global_colors_info=&#8221;{}&#8221;]<\/p>\n<p>Metodik<\/p>\n<p>[\/et_pb_text][et_pb_text admin_label=&#8221;Method text&#8221; _builder_version=&#8221;4.14.2&#8243; _module_preset=&#8221;default&#8221; text_font_size=&#8221;17px&#8221; text_orientation=&#8221;center&#8221; global_colors_info=&#8221;{}&#8221;]<\/p>\n<p>P\u00e5 campus<\/p>\n<p>[\/et_pb_text][\/et_pb_column][et_pb_column type=&#8221;1_4&#8243; _builder_version=&#8221;4.13.0&#8243; _module_preset=&#8221;default&#8221; custom_padding=&#8221;5px||5px||false|false&#8221; global_colors_info=&#8221;{}&#8221;][et_pb_text admin_label=&#8221;Next Intake&#8221; _builder_version=&#8221;4.14.2&#8243; _module_preset=&#8221;default&#8221; text_font=&#8221;|700|||||||&#8221; text_text_color=&#8221;#ee4123&#8243; text_font_size=&#8221;18px&#8221; text_orientation=&#8221;center&#8221; custom_margin=&#8221;||3%||false|false&#8221; custom_padding=&#8221;||||false|false&#8221; border_color_right=&#8221;#cecece&#8221; global_colors_info=&#8221;{}&#8221;]<\/p>\n<p>P\u00e5 campus<\/p>\n<p>[\/et_pb_text][et_pb_text admin_label=&#8221;Next Intake text&#8221; _builder_version=&#8221;4.14.2&#8243; _module_preset=&#8221;default&#8221; text_font_size=&#8221;17px&#8221; text_orientation=&#8221;center&#8221; global_colors_info=&#8221;{}&#8221;]<\/p>\n<p>Oktober 2025<\/p>\n<p>[\/et_pb_text][\/et_pb_column][\/et_pb_row][\/et_pb_section][et_pb_section fb_built=&#8221;1&#8243; _builder_version=&#8221;4.13.1&#8243; _module_preset=&#8221;default&#8221; custom_padding=&#8221;0px||1px|||&#8221; global_colors_info=&#8221;{}&#8221;][et_pb_row column_structure=&#8221;1_2,1_2&#8243; _builder_version=&#8221;4.13.1&#8243; _module_preset=&#8221;default&#8221; custom_padding=&#8221;||6px|||&#8221; global_colors_info=&#8221;{}&#8221;][et_pb_column type=&#8221;1_2&#8243; _builder_version=&#8221;4.13.1&#8243; _module_preset=&#8221;default&#8221; global_colors_info=&#8221;{}&#8221;][et_pb_text _builder_version=&#8221;4.14.2&#8243; _module_preset=&#8221;default&#8221; global_colors_info=&#8221;{}&#8221;]<\/p>\n<ul class=\"iconlist iconlist-large iconlist-color\" style=\"font-size: 15px !important;\">\n<li>School of Dentistry erbjuder ett fem\u00e5rigt tandl\u00e4karprogram som undervisas p\u00e5 engelska<\/li>\n<li><i class=\"icon-ok-sign\"><\/i>Tandl\u00e4karprogrammet vid EUC erbjuder en\u00a0<b>modern l\u00e4roplan som bygger p\u00e5 de h\u00f6gsta europeiska och nordamerikanska standarderna f\u00f6r tandl\u00e4karutbildning<\/b><\/li>\n<li><i class=\"icon-ok-sign\"><\/i>Toppmoderna faciliteter inkluderar biomedicinska rum, kliniska och tekniska kompetenslabb med patientsimulatorer och en rad tandv\u00e5rdsutrustning<\/li>\n<li><i class=\"icon-ok-sign\"><\/i>En m\u00e5ngfaldig studentk\u00e5r och fakultet s\u00e4kerst\u00e4ller en samarbetsmilj\u00f6 och ett globalt perspektiv inom omr\u00e5det munh\u00e4lsa<\/li>\n<li><i class=\"icon-ok-sign\"><\/i>School of Dentistry \u00e4r medlem i\u00a0<b>Association for Dental Education in Europe (ADEE)<\/b><i class=\"icon-ok-sign\"><\/i><\/li>\n<\/ul>\n<p>[\/et_pb_text][\/et_pb_column][et_pb_column type=&#8221;1_2&#8243; _builder_version=&#8221;4.13.1&#8243; _module_preset=&#8221;default&#8221; global_colors_info=&#8221;{}&#8221;][et_pb_video src=&#8221;https:\/\/www.youtube.com\/watch?v=JVuHrwCj-p8&#8243; _builder_version=&#8221;4.13.1&#8243; _module_preset=&#8221;default&#8221; global_colors_info=&#8221;{}&#8221;][\/et_pb_video][\/et_pb_column][\/et_pb_row][\/et_pb_section][et_pb_section fb_built=&#8221;1&#8243; _builder_version=&#8221;4.13.1&#8243; _module_preset=&#8221;default&#8221; custom_padding=&#8221;4px|||||&#8221; global_colors_info=&#8221;{}&#8221;][et_pb_row column_structure=&#8221;1_2,1_2&#8243; _builder_version=&#8221;4.13.1&#8243; _module_preset=&#8221;default&#8221; custom_margin=&#8221;-21px|auto||auto||&#8221; global_colors_info=&#8221;{}&#8221;][et_pb_column type=&#8221;1_2&#8243; _builder_version=&#8221;4.13.1&#8243; _module_preset=&#8221;default&#8221; global_colors_info=&#8221;{}&#8221;][et_pb_text _builder_version=&#8221;4.14.2&#8243; _module_preset=&#8221;default&#8221; custom_margin=&#8221;||15px|||&#8221; global_colors_info=&#8221;{}&#8221;]<\/p>\n<p><b>Tandklinik p\u00e5 campus<\/b><br \/>Behandling av patienter p\u00e5 EUC Tandklinik ger studenterna f\u00f6rstahandserfarenhet av tandbehandling.<\/p>\n<p>[\/et_pb_text][et_pb_video src=&#8221;https:\/\/youtu.be\/INfU8vJcO1c&#8221; _builder_version=&#8221;4.14.2&#8243; _module_preset=&#8221;default&#8221; custom_margin=&#8221;||14px|||&#8221; global_colors_info=&#8221;{}&#8221;][\/et_pb_video][et_pb_text _builder_version=&#8221;4.14.2&#8243; _module_preset=&#8221;default&#8221; global_colors_info=&#8221;{}&#8221;]<\/p>\n<p><b>Karri\u00e4rer inom tandl\u00e4kare<\/b><br \/>Utexaminerade kan etablera sin egen privata praktik eller arbeta p\u00e5 privata och offentliga sjukhus och samh\u00e4llskliniker.<\/p>\n<p>[\/et_pb_text][\/et_pb_column][et_pb_column type=&#8221;1_2&#8243; _builder_version=&#8221;4.13.1&#8243; _module_preset=&#8221;default&#8221; global_colors_info=&#8221;{}&#8221;][et_pb_text _builder_version=&#8221;4.14.2&#8243; _module_preset=&#8221;default&#8221; global_colors_info=&#8221;{}&#8221;]<\/p>\n<p><b>Professionellt erk\u00e4nnande<\/b><br \/>EUC:s kandidatexamen i odontologisk kirurgi erk\u00e4nns var som helst inom de 32 medlemsl\u00e4nderna i Europeiska unionen och Europeiska ekonomiska samarbetsomr\u00e5det. Medlemskap i Association for Dental Education in Europe garanterar \u00f6verensst\u00e4mmelse med alla uppdateringar av profilen och kompetensen f\u00f6r den utexaminerade europeiska tandl\u00e4karen.<b><\/b><\/p>\n<p><b>Internationella studenter<\/b><br \/>V\u00e5rt tandl\u00e4karprogram lockar internationella studenter fr\u00e5n hela v\u00e4rlden, inklusive Tyskland, Sverige, Norge, Storbritannien, Libanon, Island, Irland, Ryssland, Frankrike, Israel och Grekland.<\/p>\n<p><b>Studentst\u00f6d<\/b><br \/>V\u00e5ra sm\u00e5 kohorter inneb\u00e4r att du kommer att arbeta n\u00e4ra v\u00e5r akademiska personal, du kommer att undervisas i sm\u00e5 grupper och du kommer att f\u00e5 en k\u00e4nsla av att tillh\u00f6ra ett kraftfullt team av klasskamrater och praktiker som erbjuder dig kontinuerligt st\u00f6d f\u00f6r personlig och akademisk utveckling.<\/p>\n<p><b>Inriktningar<\/b><br \/>Utexaminerade \u00e4r kvalificerade att s\u00f6ka forskarutbildning och specialisering inom ortodonti, oral kirurgi, restorativ tandv\u00e5rd, pediatrisk tandl\u00e4kare och annat.<\/p>\n<p>[\/et_pb_text][\/et_pb_column][\/et_pb_row][\/et_pb_section][et_pb_section fb_built=&#8221;1&#8243; _builder_version=&#8221;4.13.0&#8243; background_color=&#8221;#666666&#8243; custom_padding=&#8221;23px||11px|||&#8221; collapsed=&#8221;off&#8221; global_colors_info=&#8221;{}&#8221;][et_pb_row column_structure=&#8221;1_2,1_2&#8243; _builder_version=&#8221;3.25&#8243; background_size=&#8221;initial&#8221; background_position=&#8221;top_left&#8221; background_repeat=&#8221;repeat&#8221; global_colors_info=&#8221;{}&#8221;][et_pb_column type=&#8221;1_2&#8243; _builder_version=&#8221;4.13.0&#8243; _module_preset=&#8221;default&#8221; global_colors_info=&#8221;{}&#8221;][et_pb_image src=&#8221;https:\/\/study.euc.ac.cy\/wp-content\/uploads\/2021\/11\/qs-transparent.png&#8221; title_text=&#8221;qs-transparent&#8221; _builder_version=&#8221;4.13.0&#8243; _module_preset=&#8221;default&#8221; width=&#8221;70%&#8221; module_alignment=&#8221;center&#8221; global_colors_info=&#8221;{}&#8221;][\/et_pb_image][\/et_pb_column][et_pb_column type=&#8221;1_2&#8243; _builder_version=&#8221;4.13.0&#8243; _module_preset=&#8221;default&#8221; global_colors_info=&#8221;{}&#8221;][et_pb_text _builder_version=&#8221;4.14.2&#8243; _module_preset=&#8221;default&#8221; text_text_color=&#8221;#FFFFFF&#8221; header_3_font=&#8221;|700|||||||&#8221; header_3_text_align=&#8221;left&#8221; header_3_text_color=&#8221;#FFFFFF&#8221; header_4_font=&#8221;|700|||||||&#8221; header_4_text_align=&#8221;left&#8221; header_4_text_color=&#8221;#FFFFFF&#8221; global_colors_info=&#8221;{}&#8221;]<\/p>\n<h4>RANKAD F\u00d6R EXCELLENS<\/h4>\n<h3>FEMSTJ\u00c4RNIG INSTITUTION<\/h3>\n<p>Europeiska universitetet p\u00e5 Cypern har rankats med ett \u00f6vergripande omd\u00f6me p\u00e5 5 stj\u00e4rnor av QS TOP UNIVERSITIES (QS Stars). QS Stars University Rating utv\u00e4rderar institutioner globalt utifr\u00e5n 50 olika indikatorer och ger universiteten mellan en och fem stj\u00e4rnor inom en rad olika omr\u00e5den. EUC har f\u00e5tt fem stj\u00e4rnor f\u00f6r prestationer inom omr\u00e5dena undervisning, anst\u00e4llningsbarhet, internationalisering, online-l\u00e4rande, inkludering och MD Medicine f\u00f6r programmets konkurrenskraft och styrka.<\/p>\n<p>[\/et_pb_text][\/et_pb_column][\/et_pb_row][\/et_pb_section][et_pb_section fb_built=&#8221;1&#8243; _builder_version=&#8221;4.13.0&#8243; _module_preset=&#8221;default&#8221; custom_padding=&#8221;9px||25px|||&#8221; saved_tabs=&#8221;all&#8221; collapsed=&#8221;off&#8221; global_colors_info=&#8221;{}&#8221;][et_pb_row _builder_version=&#8221;4.13.0&#8243; _module_preset=&#8221;default&#8221; global_colors_info=&#8221;{}&#8221;][et_pb_column type=&#8221;4_4&#8243; _builder_version=&#8221;4.13.0&#8243; _module_preset=&#8221;default&#8221; global_colors_info=&#8221;{}&#8221;][et_pb_text _builder_version=&#8221;4.14.2&#8243; _module_preset=&#8221;default&#8221; text_font=&#8221;|700|||||||&#8221; text_text_color=&#8221;#ee4123&#8243; text_font_size=&#8221;30px&#8221; text_orientation=&#8221;center&#8221; global_colors_info=&#8221;{}&#8221;]<\/p>\n<p>Efter siffrorna<\/p>\n<p>[\/et_pb_text][\/et_pb_column][\/et_pb_row][et_pb_row column_structure=&#8221;1_4,1_4,1_4,1_4&#8243; _builder_version=&#8221;4.13.0&#8243; _module_preset=&#8221;default&#8221; collapsed=&#8221;off&#8221; global_colors_info=&#8221;{}&#8221;][et_pb_column type=&#8221;1_4&#8243; _builder_version=&#8221;4.13.0&#8243; _module_preset=&#8221;default&#8221; global_colors_info=&#8221;{}&#8221;][et_pb_icon font_icon=&#8221;&#xf19d;||fa||900&#8243; icon_color=&#8221;#000000&#8243; icon_width=&#8221;80px&#8221; _builder_version=&#8221;4.13.0&#8243; _module_preset=&#8221;default&#8221; custom_margin=&#8221;||1px|||&#8221; global_colors_info=&#8221;{}&#8221;][\/et_pb_icon][et_pb_number_counter number=&#8221;10,000+&#8221; percent_sign=&#8221;off&#8221; admin_label=&#8221;Number Counter&#8221; _builder_version=&#8221;4.14.2&#8243; _module_preset=&#8221;default&#8221; number_font=&#8221;|600|||||||&#8221; number_text_color=&#8221;#ee4123&#8243; number_font_size=&#8221;42px&#8221; custom_margin=&#8221;-28px|||||&#8221; global_colors_info=&#8221;{}&#8221;][\/et_pb_number_counter][et_pb_divider color=&#8221;#000000&#8243; divider_weight=&#8221;2px&#8221; _builder_version=&#8221;4.13.0&#8243; _module_preset=&#8221;default&#8221; width=&#8221;20%&#8221; module_alignment=&#8221;center&#8221; custom_margin=&#8221;-19px||0px||false|false&#8221; global_colors_info=&#8221;{}&#8221;][\/et_pb_divider][et_pb_text admin_label=&#8221;STUDENTS&#8221; _builder_version=&#8221;4.14.2&#8243; _module_preset=&#8221;default&#8221; text_font_size=&#8221;16px&#8221; text_orientation=&#8221;center&#8221; global_colors_info=&#8221;{}&#8221;]<\/p>\n<p>STUDENTER<\/p>\n<p>[\/et_pb_text][\/et_pb_column][et_pb_column type=&#8221;1_4&#8243; _builder_version=&#8221;4.13.0&#8243; _module_preset=&#8221;default&#8221; global_colors_info=&#8221;{}&#8221;][et_pb_icon font_icon=&#8221;&#xf57d;||fa||900&#8243; icon_color=&#8221;#000000&#8243; icon_width=&#8221;80px&#8221; _builder_version=&#8221;4.13.0&#8243; _module_preset=&#8221;default&#8221; global_colors_info=&#8221;{}&#8221;][\/et_pb_icon][et_pb_number_counter number=&#8221;90&#8243; percent_sign=&#8221;off&#8221; _builder_version=&#8221;4.14.2&#8243; _module_preset=&#8221;default&#8221; number_font=&#8221;|600|||||||&#8221; number_text_color=&#8221;#ee4123&#8243; number_font_size=&#8221;42px&#8221; custom_margin=&#8221;-26px|||||&#8221; global_colors_info=&#8221;{}&#8221;][\/et_pb_number_counter][et_pb_divider color=&#8221;#000000&#8243; divider_weight=&#8221;2px&#8221; _builder_version=&#8221;4.13.0&#8243; _module_preset=&#8221;default&#8221; width=&#8221;20%&#8221; module_alignment=&#8221;center&#8221; custom_margin=&#8221;-19px||0px||false|false&#8221; global_colors_info=&#8221;{}&#8221;][\/et_pb_divider][et_pb_text admin_label=&#8221;NATIONALITIES ON CAMPUS&#8221; _builder_version=&#8221;4.14.2&#8243; _module_preset=&#8221;default&#8221; text_font_size=&#8221;16px&#8221; text_orientation=&#8221;center&#8221; global_colors_info=&#8221;{}&#8221;]<\/p>\n<p>NATIONALITETER P\u00c5 CAMPUS<\/p>\n<p>[\/et_pb_text][\/et_pb_column][et_pb_column type=&#8221;1_4&#8243; _builder_version=&#8221;4.13.0&#8243; _module_preset=&#8221;default&#8221; global_colors_info=&#8221;{}&#8221;][et_pb_icon font_icon=&#8221;&#xf501;||fa||900&#8243; icon_color=&#8221;#000000&#8243; icon_width=&#8221;80px&#8221; _builder_version=&#8221;4.13.0&#8243; _module_preset=&#8221;default&#8221; global_colors_info=&#8221;{}&#8221;][\/et_pb_icon][et_pb_number_counter number=&#8221;23500&#8243; percent_sign=&#8221;off&#8221; _builder_version=&#8221;4.14.2&#8243; _module_preset=&#8221;default&#8221; number_font=&#8221;|600|||||||&#8221; number_text_color=&#8221;#ee4123&#8243; number_font_size=&#8221;42px&#8221; custom_margin=&#8221;-35px|||||&#8221; custom_padding=&#8221;0px|||||&#8221; global_colors_info=&#8221;{}&#8221;][\/et_pb_number_counter][et_pb_divider color=&#8221;#000000&#8243; divider_weight=&#8221;2px&#8221; _builder_version=&#8221;4.13.0&#8243; _module_preset=&#8221;default&#8221; width=&#8221;20%&#8221; module_alignment=&#8221;center&#8221; custom_margin=&#8221;-19px||0px||false|false&#8221; global_colors_info=&#8221;{}&#8221;][\/et_pb_divider][et_pb_text admin_label=&#8221;ALUMNI&#8221; _builder_version=&#8221;4.14.2&#8243; _module_preset=&#8221;default&#8221; text_font_size=&#8221;16px&#8221; text_orientation=&#8221;center&#8221; global_colors_info=&#8221;{}&#8221;]<\/p>\n<h5>ALUMNER<\/h5>\n<p>[\/et_pb_text][\/et_pb_column][et_pb_column type=&#8221;1_4&#8243; _builder_version=&#8221;4.13.0&#8243; _module_preset=&#8221;default&#8221; global_colors_info=&#8221;{}&#8221;][et_pb_icon font_icon=&#8221;&#xf573;||fa||900&#8243; icon_color=&#8221;#000000&#8243; icon_width=&#8221;80px&#8221; _builder_version=&#8221;4.13.0&#8243; _module_preset=&#8221;default&#8221; global_colors_info=&#8221;{}&#8221;][\/et_pb_icon][et_pb_number_counter number=&#8221;84&#8243; _builder_version=&#8221;4.14.2&#8243; _module_preset=&#8221;default&#8221; number_font=&#8221;|600|||||||&#8221; number_text_color=&#8221;#ee4123&#8243; number_font_size=&#8221;42px&#8221; custom_margin=&#8221;-31px|||||&#8221; global_colors_info=&#8221;{}&#8221;][\/et_pb_number_counter][et_pb_divider color=&#8221;#000000&#8243; divider_weight=&#8221;2px&#8221; _builder_version=&#8221;4.13.0&#8243; _module_preset=&#8221;default&#8221; width=&#8221;20%&#8221; module_alignment=&#8221;center&#8221; custom_margin=&#8221;-19px||0px||false|false&#8221; global_colors_info=&#8221;{}&#8221;][\/et_pb_divider][et_pb_text admin_label=&#8221;GRADUATE EMPLOYMENT RATE&#8221; _builder_version=&#8221;4.14.2&#8243; _module_preset=&#8221;default&#8221; text_font_size=&#8221;16px&#8221; text_orientation=&#8221;center&#8221; global_colors_info=&#8221;{}&#8221;]<\/p>\n<p>SYSSELS\u00c4TTNINGSGRAD F\u00d6R UTEXAMINERADE<\/p>\n<p>[\/et_pb_text][\/et_pb_column][\/et_pb_row][et_pb_row _builder_version=&#8221;4.14.2&#8243; _module_preset=&#8221;default&#8221; collapsed=&#8221;off&#8221; global_colors_info=&#8221;{}&#8221;][et_pb_column type=&#8221;4_4&#8243; _builder_version=&#8221;4.13.0&#8243; _module_preset=&#8221;default&#8221; global_colors_info=&#8221;{}&#8221;][et_pb_button button_url=&#8221;#gform_1&#8243; button_text=&#8221;Fyll i formul\u00e4ret&#8221; button_alignment=&#8221;center&#8221; admin_label=&#8221;Button&#8221; _builder_version=&#8221;4.14.2&#8243; _module_preset=&#8221;default&#8221; custom_button=&#8221;on&#8221; button_text_color=&#8221;#FFFFFF&#8221; button_bg_color=&#8221;#ee4123&#8243; button_icon=&#8221;&#xf007;||fa||900&#8243; button_icon_color=&#8221;#FFFFFF&#8221; button_icon_placement=&#8221;left&#8221; button_on_hover=&#8221;off&#8221; custom_margin=&#8221;||-50px||false|false&#8221; global_colors_info=&#8221;{}&#8221;][\/et_pb_button][\/et_pb_column][\/et_pb_row][\/et_pb_section]<\/p>\n","protected":false},"excerpt":{"rendered":"<p>Beg\u00e4r informationDen nya terminen b\u00f6rjar oktober 2025 Grad tilldelad Kandidatexamen (5 \u00e5r)Spr\u00e5kEngelskaMetodikP\u00e5 campusP\u00e5 campusOktober 2025 School of Dentistry erbjuder ett fem\u00e5rigt tandl\u00e4karprogram som undervisas p\u00e5 engelska Tandl\u00e4karprogrammet vid EUC erbjuder en\u00a0modern l\u00e4roplan som bygger p\u00e5 de h\u00f6gsta europeiska och nordamerikanska standarderna f\u00f6r tandl\u00e4karutbildning Toppmoderna faciliteter inkluderar biomedicinska rum, kliniska och tekniska kompetenslabb med patientsimulatorer och [&hellip;]<\/p>\n","protected":false},"author":1,"featured_media":0,"parent":0,"menu_order":0,"comment_status":"closed","ping_status":"closed","template":"","meta":{"_acf_changed":false,"_et_pb_use_builder":"on","_et_pb_old_content":"","_et_gb_content_width":"","footnotes":""},"class_list":["post-5969","page","type-page","status-publish","hentry"],"acf":[],"_links":{"self":[{"href":"https:\/\/study.euc.ac.cy\/sv\/wp-json\/wp\/v2\/pages\/5969","targetHints":{"allow":["GET"]}}],"collection":[{"href":"https:\/\/study.euc.ac.cy\/sv\/wp-json\/wp\/v2\/pages"}],"about":[{"href":"https:\/\/study.euc.ac.cy\/sv\/wp-json\/wp\/v2\/types\/page"}],"author":[{"embeddable":true,"href":"https:\/\/study.euc.ac.cy\/sv\/wp-json\/wp\/v2\/users\/1"}],"replies":[{"embeddable":true,"href":"https:\/\/study.euc.ac.cy\/sv\/wp-json\/wp\/v2\/comments?post=5969"}],"version-history":[{"count":5,"href":"https:\/\/study.euc.ac.cy\/sv\/wp-json\/wp\/v2\/pages\/5969\/revisions"}],"predecessor-version":[{"id":5976,"href":"https:\/\/study.euc.ac.cy\/sv\/wp-json\/wp\/v2\/pages\/5969\/revisions\/5976"}],"wp:attachment":[{"href":"https:\/\/study.euc.ac.cy\/sv\/wp-json\/wp\/v2\/media?parent=5969"}],"curies":[{"name":"wp","href":"https:\/\/api.w.org\/{rel}","templated":true}]}}