{"id":7816,"date":"2025-10-09T15:52:06","date_gmt":"2025-10-09T12:52:06","guid":{"rendered":"https:\/\/study.euc.ac.cy\/bachelor-physiotherapy-frankfurt\/"},"modified":"2026-01-12T12:04:35","modified_gmt":"2026-01-12T09:04:35","slug":"bachelor-physiotherapy-frankfurt","status":"publish","type":"page","link":"https:\/\/study.euc.ac.cy\/de\/bachelor-physiotherapy-frankfurt\/","title":{"rendered":"Physiotherapy in Frankfurt"},"content":{"rendered":"<p>[et_pb_section fb_built=&#8221;1&#8243; _builder_version=&#8221;4.14.2&#8243; _dynamic_attributes=&#8221;background_image&#8221; _module_preset=&#8221;default&#8221; background_image=&#8221;@ET-DC@eyJkeW5hbWljIjp0cnVlLCJjb250ZW50IjoicG9zdF9mZWF0dXJlZF9pbWFnZSIsInNldHRpbmdzIjp7fX0=@&#8221; background_blend=&#8221;darken&#8221; custom_css_main_element=&#8221;background-color: rgba(53,52,48,0.7);&#8221; collapsed=&#8221;off&#8221; global_colors_info=&#8221;{}&#8221;][et_pb_row column_structure=&#8221;3_5,2_5&#8243; _builder_version=&#8221;4.13.0&#8243; _module_preset=&#8221;default&#8221; locked=&#8221;off&#8221; global_colors_info=&#8221;{}&#8221;][et_pb_column type=&#8221;3_5&#8243; _builder_version=&#8221;4.13.0&#8243; _module_preset=&#8221;default&#8221; global_colors_info=&#8221;{}&#8221;][et_pb_text admin_label=&#8221;Program title&#8221; _builder_version=&#8221;4.14.2&#8243; _module_preset=&#8221;default&#8221; text_font=&#8221;|700|||||||&#8221; text_text_color=&#8221;#FFFFFF&#8221; text_font_size=&#8221;45px&#8221; text_line_height=&#8221;1.5em&#8221; custom_margin=&#8221;13%||||false|false&#8221; hover_enabled=&#8221;0&#8243; global_colors_info=&#8221;{}&#8221; sticky_enabled=&#8221;0&#8243;]<\/p>\n<p>Bachelorstudiengang Physiotherapie (B.Sc.)<\/p>\n<p>[\/et_pb_text][et_pb_text admin_label=&#8221;Slogun&#8221; _builder_version=&#8221;4.14.2&#8243; _dynamic_attributes=&#8221;content&#8221; _module_preset=&#8221;default&#8221; text_text_color=&#8221;#FFFFFF&#8221; text_font_size=&#8221;25px&#8221; text_line_height=&#8221;1.5em&#8221; custom_margin=&#8221;10%||||false|false&#8221; custom_padding=&#8221;|||5px|false|false&#8221; custom_css_main_element=&#8221;||  &#8221; border_width_left=&#8221;5px&#8221; border_color_left=&#8221;#E02B20&#8243; global_colors_info=&#8221;{}&#8221;]@ET-DC@eyJkeW5hbWljIjp0cnVlLCJjb250ZW50IjoiY3VzdG9tX21ldGFfc2xvZ3VuIiwic2V0dGluZ3MiOnsiYmVmb3JlIjoiIiwiYWZ0ZXIiOiIiLCJlbmFibGVfaHRtbCI6Im9uIn19@[\/et_pb_text][\/et_pb_column][et_pb_column type=&#8221;2_5&#8243; _builder_version=&#8221;4.13.0&#8243; _module_preset=&#8221;default&#8221; background_color=&#8221;#000000&#8243; custom_padding=&#8221;10px|10px|10px|10px|false|false&#8221; box_shadow_style=&#8221;preset1&#8243; global_colors_info=&#8221;{}&#8221;][et_pb_text admin_label=&#8221;Request Information&#8221; _builder_version=&#8221;4.14.2&#8243; _module_preset=&#8221;default&#8221; text_font=&#8221;|700|||||||&#8221; text_text_color=&#8221;#FFFFFF&#8221; text_font_size=&#8221;30px&#8221; text_orientation=&#8221;center&#8221; custom_margin=&#8221;||4%||false|false&#8221; global_colors_info=&#8221;{}&#8221;]<\/p>\n<p>Infobrosch\u00fcre anfordern<\/p>\n<p>[\/et_pb_text][et_pb_text admin_label=&#8221;Form subtitle&#8221; _builder_version=&#8221;4.14.2&#8243; _module_preset=&#8221;default&#8221; text_font=&#8221;||||||||&#8221; text_text_color=&#8221;#eeeeee&#8221; text_font_size=&#8221;16px&#8221; text_orientation=&#8221;center&#8221; custom_margin=&#8221;||4%||false|false&#8221; global_colors_info=&#8221;{}&#8221;]<\/p>\n<p>Das neue Semester beginnt im Oktober 2026<\/p>\n<p>[\/et_pb_text][et_pb_text _builder_version=&#8221;4.14.2&#8243; _dynamic_attributes=&#8221;content&#8221; _module_preset=&#8221;default&#8221; global_colors_info=&#8221;{}&#8221;]@ET-DC@eyJkeW5hbWljIjp0cnVlLCJjb250ZW50IjoicG9zdF9tZXRhX2tleSIsInNldHRpbmdzIjp7ImJlZm9yZSI6IltncmF2aXR5Zm9ybSBpZD1cIjNcIiB0aXRsZT1cImZhbHNlXCIgZGVzY3JpcHRpb249XCJmYWxzZVwiIGFqYXg9XCJ0cnVlXCIgZmllbGRfdmFsdWVzPVwiYXJlYS1vZi1zdHVkeT0iLCJhZnRlciI6IlwiXSIsIm1ldGFfa2V5IjoicHJvZ3JhbV9jcm1fdmFsdWUiLCJlbmFibGVfaHRtbCI6Im9mZiJ9fQ==@[\/et_pb_text][\/et_pb_column][\/et_pb_row][\/et_pb_section][et_pb_section fb_built=&#8221;1&#8243; admin_label=&#8221;Program summary EN&#8221; _builder_version=&#8221;4.13.0&#8243; _module_preset=&#8221;default&#8221; custom_padding=&#8221;10px||0px|||&#8221; saved_tabs=&#8221;all&#8221; collapsed=&#8221;off&#8221; global_colors_info=&#8221;{}&#8221;][et_pb_row column_structure=&#8221;1_5,1_5,1_5,1_5,1_5&#8243; module_id=&#8221;summary&#8221; _builder_version=&#8221;4.14.2&#8243; _module_preset=&#8221;default&#8221; custom_padding=&#8221;||18px|||&#8221; locked=&#8221;off&#8221; global_colors_info=&#8221;{}&#8221;][et_pb_column type=&#8221;1_5&#8243; _builder_version=&#8221;4.14.2&#8243; _module_preset=&#8221;default&#8221; custom_padding=&#8221;5px||5px||false|false&#8221; global_colors_info=&#8221;{}&#8221;][et_pb_text admin_label=&#8221;Degree Awarded&#8221; _builder_version=&#8221;4.14.2&#8243; _module_preset=&#8221;default&#8221; text_font=&#8221;|700|||||||&#8221; text_text_color=&#8221;#ee4123&#8243; text_font_size=&#8221;16px&#8221; text_orientation=&#8221;center&#8221; custom_margin=&#8221;||2px||false|false&#8221; custom_padding=&#8221;||||false|false&#8221; border_color_right=&#8221;#cecece&#8221; global_colors_info=&#8221;{}&#8221;]<\/p>\n<p>Abschluss<\/p>\n<p>[\/et_pb_text][et_pb_text admin_label=&#8221;Degree Awarded text&#8221; _builder_version=&#8221;4.14.2&#8243; _module_preset=&#8221;default&#8221; text_font_size=&#8221;17px&#8221; text_orientation=&#8221;center&#8221; custom_margin=&#8221;||||false|false&#8221; global_colors_info=&#8221;{}&#8221;]<\/p>\n<p>Bachelorstudiengang<\/p>\n<p>[\/et_pb_text][\/et_pb_column][et_pb_column type=&#8221;1_5&#8243; _builder_version=&#8221;4.14.2&#8243; _module_preset=&#8221;default&#8221; custom_padding=&#8221;5px||5px||false|false&#8221; global_colors_info=&#8221;{}&#8221;][et_pb_text admin_label=&#8221;Methodology&#8221; _builder_version=&#8221;4.14.2&#8243; _module_preset=&#8221;default&#8221; text_font=&#8221;|700|||||||&#8221; text_text_color=&#8221;#ee4123&#8243; text_font_size=&#8221;16px&#8221; text_orientation=&#8221;center&#8221; module_alignment=&#8221;center&#8221; custom_margin=&#8221;||3%||false|false&#8221; custom_padding=&#8221;||||false|false&#8221; border_color_right=&#8221;#cecece&#8221; global_colors_info=&#8221;{}&#8221;]<\/p>\n<p>Lehre<\/p>\n<p>[\/et_pb_text][et_pb_text admin_label=&#8221;Method text&#8221; _builder_version=&#8221;4.14.2&#8243; _module_preset=&#8221;default&#8221; text_font_size=&#8221;17px&#8221; text_orientation=&#8221;center&#8221; module_alignment=&#8221;center&#8221; custom_padding=&#8221;|||0px||&#8221; global_colors_info=&#8221;{}&#8221;]<\/p>\n<p>Auf dem Campus<\/p>\n<p>[\/et_pb_text][\/et_pb_column][et_pb_column type=&#8221;1_5&#8243; _builder_version=&#8221;4.14.2&#8243; _module_preset=&#8221;default&#8221; custom_padding=&#8221;5px||5px||false|false&#8221; global_colors_info=&#8221;{}&#8221;][et_pb_text admin_label=&#8221;Methodology&#8221; _builder_version=&#8221;4.14.2&#8243; _module_preset=&#8221;default&#8221; text_font=&#8221;|700|||||||&#8221; text_text_color=&#8221;#ee4123&#8243; text_font_size=&#8221;16px&#8221; text_orientation=&#8221;center&#8221; module_alignment=&#8221;center&#8221; custom_margin=&#8221;||3%||false|false&#8221; custom_padding=&#8221;||||false|false&#8221; border_color_right=&#8221;#cecece&#8221; global_colors_info=&#8221;{}&#8221;]<\/p>\n<p>Ort<\/p>\n<p>[\/et_pb_text][et_pb_text admin_label=&#8221;Method text&#8221; _builder_version=&#8221;4.14.2&#8243; _module_preset=&#8221;default&#8221; text_font_size=&#8221;17px&#8221; text_orientation=&#8221;center&#8221; module_alignment=&#8221;center&#8221; custom_padding=&#8221;|||0px||&#8221; global_colors_info=&#8221;{}&#8221;]<\/p>\n<p>Frankfurt<\/p>\n<p>[\/et_pb_text][\/et_pb_column][et_pb_column type=&#8221;1_5&#8243; _builder_version=&#8221;4.14.2&#8243; _module_preset=&#8221;default&#8221; custom_padding=&#8221;5px||5px||false|false&#8221; global_colors_info=&#8221;{}&#8221;][et_pb_text admin_label=&#8221;Methodology&#8221; _builder_version=&#8221;4.14.2&#8243; _module_preset=&#8221;default&#8221; text_font=&#8221;|700|||||||&#8221; text_text_color=&#8221;#ee4123&#8243; text_font_size=&#8221;16px&#8221; text_orientation=&#8221;center&#8221; module_alignment=&#8221;center&#8221; custom_margin=&#8221;||3%||false|false&#8221; custom_padding=&#8221;||||false|false&#8221; border_color_right=&#8221;#cecece&#8221; global_colors_info=&#8221;{}&#8221;]<\/p>\n<p>Unterrichtssprache<\/p>\n<p>[\/et_pb_text][et_pb_text admin_label=&#8221;Method text&#8221; _builder_version=&#8221;4.14.2&#8243; _module_preset=&#8221;default&#8221; text_font_size=&#8221;17px&#8221; text_orientation=&#8221;center&#8221; module_alignment=&#8221;center&#8221; global_colors_info=&#8221;{}&#8221;]<\/p>\n<p>Englisch<\/p>\n<p>[\/et_pb_text][\/et_pb_column][et_pb_column type=&#8221;1_5&#8243; _builder_version=&#8221;4.14.2&#8243; _module_preset=&#8221;default&#8221; custom_padding=&#8221;5px||5px||false|false&#8221; global_colors_info=&#8221;{}&#8221;][et_pb_text admin_label=&#8221;Next Intake&#8221; _builder_version=&#8221;4.14.2&#8243; _module_preset=&#8221;default&#8221; text_font=&#8221;|700|||||||&#8221; text_text_color=&#8221;#ee4123&#8243; text_font_size=&#8221;16px&#8221; text_orientation=&#8221;center&#8221; module_alignment=&#8221;center&#8221; custom_margin=&#8221;||3%||false|false&#8221; custom_padding=&#8221;||||false|false&#8221; global_colors_info=&#8221;{}&#8221;]<\/p>\n<p>Studienstart<\/p>\n<p>[\/et_pb_text][et_pb_text admin_label=&#8221;intake text&#8221; _builder_version=&#8221;4.14.2&#8243; _module_preset=&#8221;default&#8221; text_font_size=&#8221;17px&#8221; text_orientation=&#8221;center&#8221; module_alignment=&#8221;center&#8221; global_colors_info=&#8221;{}&#8221;]<\/p>\n<p>Wintersemester<br \/>Oktober 2026<\/p>\n<p>[\/et_pb_text][\/et_pb_column][\/et_pb_row][\/et_pb_section][et_pb_section fb_built=&#8221;1&#8243; _builder_version=&#8221;4.13.0&#8243; _module_preset=&#8221;default&#8221; custom_padding=&#8221;2px||8px|||&#8221; global_colors_info=&#8221;{}&#8221;][et_pb_row column_structure=&#8221;1_2,1_2&#8243; _builder_version=&#8221;4.13.0&#8243; _module_preset=&#8221;default&#8221; custom_padding=&#8221;||0px|||&#8221; global_colors_info=&#8221;{}&#8221;][et_pb_column type=&#8221;1_2&#8243; _builder_version=&#8221;4.13.0&#8243; _module_preset=&#8221;default&#8221; global_colors_info=&#8221;{}&#8221;][et_pb_text _builder_version=&#8221;4.14.2&#8243; _module_preset=&#8221;default&#8221; header_3_text_color=&#8221;#666666&#8243; header_4_font=&#8221;Arial||||||||&#8221; header_4_text_color=&#8221;#666666&#8243; hover_enabled=&#8221;0&#8243; global_colors_info=&#8221;{}&#8221; sticky_enabled=&#8221;0&#8243;]<\/p>\n<p><em><strong>Physiotherapie studieren an der European University Cyprus \u2013 Campus Frankfurt<\/strong><\/em><\/p>\n<p>Der Bachelorstudiengang <strong>Physiotherapie (B.Sc.)<\/strong> vermittelt eine wissenschaftlich fundierte und praxisorientierte Ausbildung zur Vorbereitung auf eine professionelle T\u00e4tigkeit im Bereich Bewegungstherapie und Rehabilitation.<\/p>\n<p>Das Studium erfolgt <strong>vollst\u00e4ndig in englischer Sprache<\/strong> und ist international ausgerichtet.<\/p>\n<p><strong>Ihre Vorteile im \u00dcberblick<\/strong><\/p>\n<ul class=\"iconlist iconlist-large iconlist-color\">\n<li><strong>Studienstandort Frankfurt<\/strong><br \/>Zentral gelegen, international vernetzt und mit starker Anbindung an medizinische und therapeutische Einrichtungen.<\/li>\n<li><strong>International anerkannter Studienplan<\/strong><br \/>Der Studiengang orientiert sich an den Standards der <strong>World Physiotherapy Confederation (WPT)<\/strong>.<\/li>\n<li><strong>Umfangreiche klinische Praxisphasen<\/strong><br \/>Praktische Ausbildung in Krankenh\u00e4usern, Rehabilitationszentren, Physiotherapiepraxen und Sporteinrichtungen.<\/li>\n<\/ul>\n<p>[\/et_pb_text][\/et_pb_column][et_pb_column type=&#8221;1_2&#8243; _builder_version=&#8221;4.13.0&#8243; _module_preset=&#8221;default&#8221; global_colors_info=&#8221;{}&#8221;][et_pb_video src=&#8221;https:\/\/youtu.be\/voYoIaLRU_s&#8221; _builder_version=&#8221;4.14.2&#8243; _module_preset=&#8221;default&#8221; global_colors_info=&#8221;{}&#8221;][\/et_pb_video][et_pb_text _builder_version=&#8221;4.14.2&#8243; _module_preset=&#8221;default&#8221; hover_enabled=&#8221;0&#8243; global_colors_info=&#8221;{}&#8221; sticky_enabled=&#8221;0&#8243;]<\/p>\n<ul class=\"iconlist iconlist-large iconlist-color\">\n<li><strong>Moderne Lehr- und Trainingslabore<\/strong><br \/>Physiotherapie- und Biomechaniklabore mit zeitgem\u00e4\u00dfer technischer Ausstattung.<\/li>\n<li><strong>Berufliche Perspektiven<\/strong><br \/>Der Abschluss erf\u00fcllt europ\u00e4ische Standards und erm\u00f6glicht die berufliche T\u00e4tigkeit im In- und Ausland sowie weiterf\u00fchrende Spezialisierungen.<\/li>\n<\/ul>\n<p>[\/et_pb_text][\/et_pb_column][\/et_pb_row][\/et_pb_section][et_pb_section fb_built=&#8221;1&#8243; _builder_version=&#8221;4.13.0&#8243; background_color=&#8221;#666666&#8243; custom_padding=&#8221;23px||11px|||&#8221; locked=&#8221;off&#8221; collapsed=&#8221;off&#8221; global_colors_info=&#8221;{}&#8221;][et_pb_row column_structure=&#8221;1_2,1_2&#8243; _builder_version=&#8221;3.25&#8243; background_size=&#8221;initial&#8221; background_position=&#8221;top_left&#8221; background_repeat=&#8221;repeat&#8221; global_colors_info=&#8221;{}&#8221;][et_pb_column type=&#8221;1_2&#8243; _builder_version=&#8221;4.13.0&#8243; _module_preset=&#8221;default&#8221; global_colors_info=&#8221;{}&#8221;][et_pb_image src=&#8221;https:\/\/study.euc.ac.cy\/wp-content\/uploads\/2021\/11\/qs-transparent.png&#8221; title_text=&#8221;qs-transparent&#8221; _builder_version=&#8221;4.13.0&#8243; _module_preset=&#8221;default&#8221; width=&#8221;70%&#8221; module_alignment=&#8221;center&#8221; global_colors_info=&#8221;{}&#8221;][\/et_pb_image][\/et_pb_column][et_pb_column type=&#8221;1_2&#8243; _builder_version=&#8221;4.13.0&#8243; _module_preset=&#8221;default&#8221; global_colors_info=&#8221;{}&#8221;][et_pb_text _builder_version=&#8221;4.14.2&#8243; _module_preset=&#8221;default&#8221; text_text_color=&#8221;#FFFFFF&#8221; header_3_font=&#8221;|700|||||||&#8221; header_3_text_align=&#8221;left&#8221; header_3_text_color=&#8221;#FFFFFF&#8221; header_4_font=&#8221;|700|||||||&#8221; header_4_text_align=&#8221;left&#8221; header_4_text_color=&#8221;#FFFFFF&#8221; global_colors_info=&#8221;{}&#8221;]<\/p>\n<h4>RATED FOR EXCELLENCE<\/h4>\n<h3>FIVE STARS INSTITUTION<\/h3>\n<p>European University Cyprus has been ranked with an overall assessment of 5-Stars by QS TOP UNIVERSITIES (QS Stars University Ratings). The QS Stars University Rating evaluates institutions globally on 50 different indicators and awards universities between one and five stars in a range of fields. EUC has received five stars for performance in the areas of teaching, employability, global engagement, online learning, diversity\/ equity\/ inclusion and the MD Medicine for the competitiveness and strength of the program.<\/p>\n<p>[\/et_pb_text][\/et_pb_column][\/et_pb_row][\/et_pb_section]<\/p>\n","protected":false},"excerpt":{"rendered":"<p>Bachelorstudiengang Physiotherapie (B.Sc.)Infobrosch\u00fcre anfordernDas neue Semester beginnt im Oktober 2026AbschlussBachelorstudiengangLehreAuf dem CampusOrtFrankfurtUnterrichtsspracheEnglischStudienstartWintersemesterOktober 2026Physiotherapie studieren an der European University Cyprus \u2013 Campus Frankfurt Der Bachelorstudiengang Physiotherapie (B.Sc.) vermittelt eine wissenschaftlich fundierte und praxisorientierte Ausbildung zur Vorbereitung auf eine professionelle T\u00e4tigkeit im Bereich Bewegungstherapie und Rehabilitation. Das Studium erfolgt vollst\u00e4ndig in englischer Sprache und ist international ausgerichtet. [&hellip;]<\/p>\n","protected":false},"author":3,"featured_media":0,"parent":0,"menu_order":0,"comment_status":"closed","ping_status":"closed","template":"","meta":{"_acf_changed":false,"_et_pb_use_builder":"on","_et_pb_old_content":"","_et_gb_content_width":"","footnotes":""},"class_list":["post-7816","page","type-page","status-publish","hentry"],"acf":[],"_links":{"self":[{"href":"https:\/\/study.euc.ac.cy\/de\/wp-json\/wp\/v2\/pages\/7816","targetHints":{"allow":["GET"]}}],"collection":[{"href":"https:\/\/study.euc.ac.cy\/de\/wp-json\/wp\/v2\/pages"}],"about":[{"href":"https:\/\/study.euc.ac.cy\/de\/wp-json\/wp\/v2\/types\/page"}],"author":[{"embeddable":true,"href":"https:\/\/study.euc.ac.cy\/de\/wp-json\/wp\/v2\/users\/3"}],"replies":[{"embeddable":true,"href":"https:\/\/study.euc.ac.cy\/de\/wp-json\/wp\/v2\/comments?post=7816"}],"version-history":[{"count":2,"href":"https:\/\/study.euc.ac.cy\/de\/wp-json\/wp\/v2\/pages\/7816\/revisions"}],"predecessor-version":[{"id":7819,"href":"https:\/\/study.euc.ac.cy\/de\/wp-json\/wp\/v2\/pages\/7816\/revisions\/7819"}],"wp:attachment":[{"href":"https:\/\/study.euc.ac.cy\/de\/wp-json\/wp\/v2\/media?parent=7816"}],"curies":[{"name":"wp","href":"https:\/\/api.w.org\/{rel}","templated":true}]}}