{"id":7786,"date":"2025-10-09T15:00:02","date_gmt":"2025-10-09T12:00:02","guid":{"rendered":"https:\/\/study.euc.ac.cy\/bachelor-biomedical-sciences-frankfurt\/"},"modified":"2026-01-12T11:57:39","modified_gmt":"2026-01-12T08:57:39","slug":"bachelor-biomedical-sciences-frankfurt","status":"publish","type":"page","link":"https:\/\/study.euc.ac.cy\/de\/bachelor-biomedical-sciences-frankfurt\/","title":{"rendered":"Bachelor Biomedical Sciences Frankfurt"},"content":{"rendered":"<p>[et_pb_section fb_built=&#8221;1&#8243; _builder_version=&#8221;4.14.2&#8243; _dynamic_attributes=&#8221;background_image&#8221; _module_preset=&#8221;default&#8221; background_image=&#8221;@ET-DC@eyJkeW5hbWljIjp0cnVlLCJjb250ZW50IjoicG9zdF9mZWF0dXJlZF9pbWFnZSIsInNldHRpbmdzIjp7fX0=@&#8221; background_blend=&#8221;darken&#8221; custom_css_main_element=&#8221;background-color: rgba(53,52,48,0.7);&#8221; collapsed=&#8221;off&#8221; global_colors_info=&#8221;{}&#8221;][et_pb_row column_structure=&#8221;3_5,2_5&#8243; _builder_version=&#8221;4.13.0&#8243; _module_preset=&#8221;default&#8221; locked=&#8221;off&#8221; global_colors_info=&#8221;{}&#8221;][et_pb_column type=&#8221;3_5&#8243; _builder_version=&#8221;4.13.0&#8243; _module_preset=&#8221;default&#8221; global_colors_info=&#8221;{}&#8221;][et_pb_text admin_label=&#8221;Program title&#8221; _builder_version=&#8221;4.14.2&#8243; _module_preset=&#8221;default&#8221; text_font=&#8221;|700|||||||&#8221; text_text_color=&#8221;#FFFFFF&#8221; text_font_size=&#8221;45px&#8221; text_line_height=&#8221;1.5em&#8221; custom_margin=&#8221;13%||||false|false&#8221; global_colors_info=&#8221;{}&#8221;]<\/p>\n<p>Bachelorstudiengang Biomedizinische Wissenschaften (B.Sc.)<\/p>\n<p>[\/et_pb_text][et_pb_text admin_label=&#8221;Slogun&#8221; _builder_version=&#8221;4.14.2&#8243; _dynamic_attributes=&#8221;content&#8221; _module_preset=&#8221;default&#8221; text_text_color=&#8221;#FFFFFF&#8221; text_font_size=&#8221;25px&#8221; text_line_height=&#8221;1.5em&#8221; custom_margin=&#8221;10%||||false|false&#8221; custom_padding=&#8221;|||5px|false|false&#8221; custom_css_main_element=&#8221;||  &#8221; border_width_left=&#8221;5px&#8221; border_color_left=&#8221;#E02B20&#8243; global_colors_info=&#8221;{}&#8221;]@ET-DC@eyJkeW5hbWljIjp0cnVlLCJjb250ZW50IjoiY3VzdG9tX21ldGFfc2xvZ3VuIiwic2V0dGluZ3MiOnsiYmVmb3JlIjoiIiwiYWZ0ZXIiOiIiLCJlbmFibGVfaHRtbCI6Im9uIn19@[\/et_pb_text][\/et_pb_column][et_pb_column type=&#8221;2_5&#8243; _builder_version=&#8221;4.13.0&#8243; _module_preset=&#8221;default&#8221; background_color=&#8221;#000000&#8243; custom_padding=&#8221;10px|10px|10px|10px|false|false&#8221; box_shadow_style=&#8221;preset1&#8243; global_colors_info=&#8221;{}&#8221;][et_pb_text admin_label=&#8221;Request Information&#8221; _builder_version=&#8221;4.14.2&#8243; _module_preset=&#8221;default&#8221; text_font=&#8221;|700|||||||&#8221; text_text_color=&#8221;#FFFFFF&#8221; text_font_size=&#8221;30px&#8221; text_orientation=&#8221;center&#8221; custom_margin=&#8221;||4%||false|false&#8221; global_colors_info=&#8221;{}&#8221;]<\/p>\n<p>Infobrosch\u00fcre anfordern<\/p>\n<p>[\/et_pb_text][et_pb_text admin_label=&#8221;Form subtitle&#8221; _builder_version=&#8221;4.14.2&#8243; _module_preset=&#8221;default&#8221; text_font=&#8221;||||||||&#8221; text_text_color=&#8221;#eeeeee&#8221; text_font_size=&#8221;16px&#8221; text_orientation=&#8221;center&#8221; custom_margin=&#8221;||4%||false|false&#8221; global_colors_info=&#8221;{}&#8221;]<\/p>\n<p>Das neue Semester beginnt im Oktober 2026<\/p>\n<p>[\/et_pb_text][et_pb_text _builder_version=&#8221;4.14.2&#8243; _dynamic_attributes=&#8221;content&#8221; _module_preset=&#8221;default&#8221; global_colors_info=&#8221;{}&#8221;]@ET-DC@eyJkeW5hbWljIjp0cnVlLCJjb250ZW50IjoicG9zdF9tZXRhX2tleSIsInNldHRpbmdzIjp7ImJlZm9yZSI6IltncmF2aXR5Zm9ybSBpZD1cIjNcIiB0aXRsZT1cImZhbHNlXCIgZGVzY3JpcHRpb249XCJmYWxzZVwiIGFqYXg9XCJ0cnVlXCIgZmllbGRfdmFsdWVzPVwiYXJlYS1vZi1zdHVkeT0iLCJhZnRlciI6IlwiXSIsIm1ldGFfa2V5IjoicHJvZ3JhbV9jcm1fdmFsdWUiLCJlbmFibGVfaHRtbCI6Im9mZiJ9fQ==@[\/et_pb_text][\/et_pb_column][\/et_pb_row][\/et_pb_section][et_pb_section fb_built=&#8221;1&#8243; admin_label=&#8221;Program summary EN&#8221; _builder_version=&#8221;4.13.0&#8243; _module_preset=&#8221;default&#8221; custom_padding=&#8221;10px||0px|||&#8221; saved_tabs=&#8221;all&#8221; collapsed=&#8221;off&#8221; global_colors_info=&#8221;{}&#8221;][et_pb_row column_structure=&#8221;1_5,1_5,1_5,1_5,1_5&#8243; module_id=&#8221;summary&#8221; _builder_version=&#8221;4.14.2&#8243; _module_preset=&#8221;default&#8221; custom_padding=&#8221;||18px|||&#8221; locked=&#8221;off&#8221; global_colors_info=&#8221;{}&#8221;][et_pb_column type=&#8221;1_5&#8243; _builder_version=&#8221;4.14.2&#8243; _module_preset=&#8221;default&#8221; custom_padding=&#8221;5px||5px||false|false&#8221; global_colors_info=&#8221;{}&#8221;][et_pb_text admin_label=&#8221;Degree Awarded&#8221; _builder_version=&#8221;4.14.2&#8243; _module_preset=&#8221;default&#8221; text_font=&#8221;|700|||||||&#8221; text_text_color=&#8221;#ee4123&#8243; text_font_size=&#8221;16px&#8221; text_orientation=&#8221;center&#8221; custom_margin=&#8221;||2px||false|false&#8221; custom_padding=&#8221;||||false|false&#8221; border_color_right=&#8221;#cecece&#8221; global_colors_info=&#8221;{}&#8221;]<\/p>\n<p>Abschluss<\/p>\n<p>[\/et_pb_text][et_pb_text admin_label=&#8221;Degree Awarded text&#8221; _builder_version=&#8221;4.14.2&#8243; _module_preset=&#8221;default&#8221; text_font_size=&#8221;17px&#8221; text_orientation=&#8221;center&#8221; custom_margin=&#8221;||||false|false&#8221; global_colors_info=&#8221;{}&#8221;]<\/p>\n<p>Bachelorstudiengang<\/p>\n<p>[\/et_pb_text][\/et_pb_column][et_pb_column type=&#8221;1_5&#8243; _builder_version=&#8221;4.14.2&#8243; _module_preset=&#8221;default&#8221; custom_padding=&#8221;5px||5px||false|false&#8221; global_colors_info=&#8221;{}&#8221;][et_pb_text admin_label=&#8221;Methodology&#8221; _builder_version=&#8221;4.14.2&#8243; _module_preset=&#8221;default&#8221; text_font=&#8221;|700|||||||&#8221; text_text_color=&#8221;#ee4123&#8243; text_font_size=&#8221;16px&#8221; text_orientation=&#8221;center&#8221; module_alignment=&#8221;center&#8221; custom_margin=&#8221;||3%||false|false&#8221; custom_padding=&#8221;||||false|false&#8221; border_color_right=&#8221;#cecece&#8221; global_colors_info=&#8221;{}&#8221;]<\/p>\n<p>Lehre<\/p>\n<p>[\/et_pb_text][et_pb_text admin_label=&#8221;Method text&#8221; _builder_version=&#8221;4.14.2&#8243; _module_preset=&#8221;default&#8221; text_font_size=&#8221;17px&#8221; text_orientation=&#8221;center&#8221; module_alignment=&#8221;center&#8221; custom_padding=&#8221;|||0px||&#8221; global_colors_info=&#8221;{}&#8221;]<\/p>\n<p>Auf dem Campus<\/p>\n<p>[\/et_pb_text][\/et_pb_column][et_pb_column type=&#8221;1_5&#8243; _builder_version=&#8221;4.14.2&#8243; _module_preset=&#8221;default&#8221; custom_padding=&#8221;5px||5px||false|false&#8221; global_colors_info=&#8221;{}&#8221;][et_pb_text admin_label=&#8221;Methodology&#8221; _builder_version=&#8221;4.14.2&#8243; _module_preset=&#8221;default&#8221; text_font=&#8221;|700|||||||&#8221; text_text_color=&#8221;#ee4123&#8243; text_font_size=&#8221;16px&#8221; text_orientation=&#8221;center&#8221; module_alignment=&#8221;center&#8221; custom_margin=&#8221;||3%||false|false&#8221; custom_padding=&#8221;||||false|false&#8221; border_color_right=&#8221;#cecece&#8221; global_colors_info=&#8221;{}&#8221;]<\/p>\n<p>Ort<\/p>\n<p>[\/et_pb_text][et_pb_text admin_label=&#8221;Method text&#8221; _builder_version=&#8221;4.14.2&#8243; _module_preset=&#8221;default&#8221; text_font_size=&#8221;17px&#8221; text_orientation=&#8221;center&#8221; module_alignment=&#8221;center&#8221; custom_padding=&#8221;|||0px||&#8221; global_colors_info=&#8221;{}&#8221;]<\/p>\n<p>Frankfurt<\/p>\n<p>[\/et_pb_text][\/et_pb_column][et_pb_column type=&#8221;1_5&#8243; _builder_version=&#8221;4.14.2&#8243; _module_preset=&#8221;default&#8221; custom_padding=&#8221;5px||5px||false|false&#8221; global_colors_info=&#8221;{}&#8221;][et_pb_text admin_label=&#8221;Methodology&#8221; _builder_version=&#8221;4.14.2&#8243; _module_preset=&#8221;default&#8221; text_font=&#8221;|700|||||||&#8221; text_text_color=&#8221;#ee4123&#8243; text_font_size=&#8221;16px&#8221; text_orientation=&#8221;center&#8221; module_alignment=&#8221;center&#8221; custom_margin=&#8221;||3%||false|false&#8221; custom_padding=&#8221;||||false|false&#8221; border_color_right=&#8221;#cecece&#8221; global_colors_info=&#8221;{}&#8221;]<\/p>\n<p>Unterrichtssprache<\/p>\n<p>[\/et_pb_text][et_pb_text admin_label=&#8221;Method text&#8221; _builder_version=&#8221;4.14.2&#8243; _module_preset=&#8221;default&#8221; text_font_size=&#8221;17px&#8221; text_orientation=&#8221;center&#8221; module_alignment=&#8221;center&#8221; global_colors_info=&#8221;{}&#8221;]<\/p>\n<p>Englisch<\/p>\n<p>[\/et_pb_text][\/et_pb_column][et_pb_column type=&#8221;1_5&#8243; _builder_version=&#8221;4.14.2&#8243; _module_preset=&#8221;default&#8221; custom_padding=&#8221;5px||5px||false|false&#8221; global_colors_info=&#8221;{}&#8221;][et_pb_text admin_label=&#8221;Next Intake&#8221; _builder_version=&#8221;4.14.2&#8243; _module_preset=&#8221;default&#8221; text_font=&#8221;|700|||||||&#8221; text_text_color=&#8221;#ee4123&#8243; text_font_size=&#8221;16px&#8221; text_orientation=&#8221;center&#8221; module_alignment=&#8221;center&#8221; custom_margin=&#8221;||3%||false|false&#8221; custom_padding=&#8221;||||false|false&#8221; global_colors_info=&#8221;{}&#8221;]<\/p>\n<p>Studienstart<\/p>\n<p>[\/et_pb_text][et_pb_text admin_label=&#8221;intake text&#8221; _builder_version=&#8221;4.14.2&#8243; _module_preset=&#8221;default&#8221; text_font_size=&#8221;17px&#8221; text_orientation=&#8221;center&#8221; module_alignment=&#8221;center&#8221; global_colors_info=&#8221;{}&#8221;]<\/p>\n<p>Wintersemester<br \/>Oktober 2026<\/p>\n<p>[\/et_pb_text][\/et_pb_column][\/et_pb_row][\/et_pb_section][et_pb_section fb_built=&#8221;1&#8243; _builder_version=&#8221;4.13.0&#8243; _module_preset=&#8221;default&#8221; custom_padding=&#8221;2px||8px|||&#8221; global_colors_info=&#8221;{}&#8221;][et_pb_row column_structure=&#8221;1_2,1_2&#8243; _builder_version=&#8221;4.13.0&#8243; _module_preset=&#8221;default&#8221; custom_padding=&#8221;23px||0px|||&#8221; global_colors_info=&#8221;{}&#8221;][et_pb_column type=&#8221;1_2&#8243; _builder_version=&#8221;4.13.0&#8243; _module_preset=&#8221;default&#8221; global_colors_info=&#8221;{}&#8221;][et_pb_text _builder_version=&#8221;4.14.2&#8243; _module_preset=&#8221;default&#8221; header_3_font=&#8221;Arial||||||||&#8221; header_3_text_color=&#8221;#666666&#8243; header_4_font=&#8221;Arial||||||||&#8221; header_4_text_color=&#8221;#666666&#8243; global_colors_info=&#8221;{}&#8221;]<\/p>\n<p><em><strong>Biomedizinische Wissenschaften studieren an der European University Cyprus \u2013 Campus Frankfurt<\/strong><\/em><\/p>\n<p>Der Bachelorstudiengang <strong>Biomedizinische Wissenschaften (B.Sc.)<\/strong> am Campus Frankfurt der European University Cyprus vermittelt eine fundierte naturwissenschaftliche Ausbildung mit klarem Praxis- und Forschungsbezug. Das Studium richtet sich an Studieninteressierte, die eine akademische Laufbahn oder eine T\u00e4tigkeit im Gesundheitswesen, in der Forschung oder in der Biotechnologie anstreben.<\/p>\n<p>Der Studiengang wird <strong>vollst\u00e4ndig in englischer Sprache<\/strong> unterrichtet und verbindet internationale Ausrichtung mit einem modernen Studienumfeld in Frankfurt am Main.<\/p>\n<p><strong>Ihre Vorteile im \u00dcberblick<\/strong><\/p>\n<ul class=\"iconlist iconlist-large iconlist-color\">\n<li><strong>Studienstandort Frankfurt am Main<\/strong><br \/>Studieren Sie in einer der bedeutendsten Wissenschafts- und Wirtschaftsmetropolen Europas. Der Campus Frankfurt bietet moderne Lehr- und Laborinfrastruktur sowie enge Anbindung an Forschungs-, Gesundheits- und Biotechnologieeinrichtungen.<\/li>\n<li><strong>Aktuelles, wissenschaftlich fundiertes Curriculum<\/strong><br \/>Der Studienplan deckt zentrale Bereiche der modernen Biomedizin ab, darunter Zell- und Molekularbiologie, Biochemie, Anatomie und Physiologie, Genetik, Immunologie und Mikrobiologie \u2013 kontinuierlich angepasst an internationale wissenschaftliche Standards.<\/li>\n<li><strong>Praxisnahe Laborausbildung<\/strong><br \/>Begleitende Labor\u00fcbungen und Projekte f\u00f6rdern fr\u00fchzeitig methodische und analytische Kompetenzen, wie sie in diagnostischen Laboren, Forschungseinrichtungen und der biomedizinischen Industrie erforderlich sind.<\/li>\n<\/ul>\n<p>[\/et_pb_text][\/et_pb_column][et_pb_column type=&#8221;1_2&#8243; _builder_version=&#8221;4.13.0&#8243; _module_preset=&#8221;default&#8221; global_colors_info=&#8221;{}&#8221;][et_pb_video src=&#8221;https:\/\/www.youtube.com\/watch?v=voYoIaLRU_s&#8221; _builder_version=&#8221;4.14.2&#8243; _module_preset=&#8221;default&#8221; global_colors_info=&#8221;{}&#8221;][\/et_pb_video][et_pb_text _builder_version=&#8221;4.14.2&#8243; _module_preset=&#8221;default&#8221; global_colors_info=&#8221;{}&#8221;]<\/p>\n<ul class=\"iconlist iconlist-large iconlist-color\">\n<li><strong>Forschungsorientierung<\/strong><br \/>Im Rahmen der Bachelorarbeit setzen sich Studierende mit aktuellen Fragestellungen der biomedizinischen Forschung auseinander und erwerben die F\u00e4higkeit zum wissenschaftlichen Arbeiten auf akademischem Niveau.<\/li>\n<li><strong>Vorbereitung auf weiterf\u00fchrende Studien<\/strong><br \/>Der Abschluss qualifiziert f\u00fcr Master- und Promotionsprogramme u. a. in Medizin, Biomedizin, Biotechnologie oder verwandten Life-Science-Disziplinen.<\/li>\n<li><strong>Unterrichtssprache:<\/strong> Englisch<\/li>\n<\/ul>\n<p>[\/et_pb_text][\/et_pb_column][\/et_pb_row][et_pb_row column_structure=&#8221;1_2,1_2&#8243; _builder_version=&#8221;4.14.2&#8243; _module_preset=&#8221;default&#8221; custom_padding=&#8221;||0px|||&#8221; global_colors_info=&#8221;{}&#8221;][et_pb_column type=&#8221;1_2&#8243; _builder_version=&#8221;4.14.2&#8243; _module_preset=&#8221;default&#8221; global_colors_info=&#8221;{}&#8221;][et_pb_text _builder_version=&#8221;4.14.2&#8243; _module_preset=&#8221;default&#8221; global_colors_info=&#8221;{}&#8221;]<\/p>\n<p><strong>Studieninhalte (Auswahl)<\/strong><\/p>\n<ul class=\"iconlist iconlist-large iconlist-color\">\n<li>Klinische Immunologie und H\u00e4matologie<\/li>\n<li>Biotechnologie<\/li>\n<li>Krebsbiologie<\/li>\n<li>Entwicklungsbiologie<\/li>\n<li>Medizinische Genetik<\/li>\n<li>Systembiomedizin<\/li>\n<li>Pathobiologie und Pr\u00e4zisionsmedizin<\/li>\n<\/ul>\n<p>[\/et_pb_text][\/et_pb_column][et_pb_column type=&#8221;1_2&#8243; _builder_version=&#8221;4.14.2&#8243; _module_preset=&#8221;default&#8221; global_colors_info=&#8221;{}&#8221;][et_pb_text _builder_version=&#8221;4.14.2&#8243; _module_preset=&#8221;default&#8221; global_colors_info=&#8221;{}&#8221;]<\/p>\n<p><strong>Berufsperspektiven<\/strong><\/p>\n<ul class=\"iconlist iconlist-large iconlist-color\">\n<li>Medizinische und diagnostische Labore<\/li>\n<li>Pharmazeutische und biotechnologische Unternehmen<\/li>\n<li>Medizintechnik<\/li>\n<li>Forschung und Entwicklung<\/li>\n<li>Wissenschaftliche Kommunikation und Bildung<\/li>\n<\/ul>\n<p>[\/et_pb_text][\/et_pb_column][\/et_pb_row][\/et_pb_section][et_pb_section fb_built=&#8221;1&#8243; admin_label=&#8221;Times EN&#8221; _builder_version=&#8221;4.14.2&#8243; _module_preset=&#8221;default&#8221; background_enable_color=&#8221;off&#8221; custom_padding=&#8221;4px||0px|||&#8221; saved_tabs=&#8221;all&#8221; global_colors_info=&#8221;{}&#8221;][et_pb_row _builder_version=&#8221;4.14.2&#8243; _module_preset=&#8221;default&#8221; global_colors_info=&#8221;{}&#8221;][et_pb_column type=&#8221;4_4&#8243; _builder_version=&#8221;4.14.2&#8243; _module_preset=&#8221;default&#8221; global_colors_info=&#8221;{}&#8221;][et_pb_blurb title=&#8221; &#8221; image_icon_background_color=&#8221;RGBA(255,255,255,0)&#8221; image=&#8221;https:\/\/study.euc.ac.cy\/wp-content\/uploads\/2025\/10\/THE-BY-SUBJECT2026.png&#8221; icon_placement=&#8221;left&#8221; image_icon_width=&#8221;200px&#8221; content_max_width=&#8221;810px&#8221; disabled_on=&#8221;on|on|off&#8221; module_class=&#8221;img-text&#8221; _builder_version=&#8221;4.14.2&#8243; _module_preset=&#8221;default&#8221; header_text_color=&#8221;#000000&#8243; body_text_color=&#8221;#000000&#8243; background_color=&#8221;#FFFFFF&#8221; image_icon_custom_margin=&#8221;60px||60px||true|false&#8221; height=&#8221;202px&#8221; custom_margin=&#8221;||||false|false&#8221; global_colors_info=&#8221;{}&#8221;]<\/p>\n<blockquote style=\"border-left: solid #EE4123;\">\n<div dir=\"ltr\">\n<div><b data-olk-copy-source=\"MessageBody\">\u03a4\u0397\u0395 World University Rankings by Subject 2026: Medical and Health<\/b><\/div>\n<div>European University Cyprus has been ranked among the top 501-600 universities globally on the Times Higher Education (THE) World University Rankings by Subject 2026 for Medicine, Dentistry and Health Sciences.\u00a0 Assessed on rigorous performance indicators, this ranking reaffirms EUC\u2019s commitment to excellence in Medical and Dental education and other health disciplines.<\/div>\n<\/div>\n<\/blockquote>\n<p>[\/et_pb_blurb][et_pb_blurb title=&#8221; &#8221; image=&#8221;https:\/\/study.euc.ac.cy\/wp-content\/uploads\/2025\/10\/THE-BY-SUBJECT2026.png&#8221; image_icon_width=&#8221;152px&#8221; content_max_width=&#8221;263px&#8221; disabled_on=&#8221;off|off|on&#8221; module_class=&#8221;img-text&#8221; _builder_version=&#8221;4.14.2&#8243; _module_preset=&#8221;default&#8221; image_icon_custom_margin=&#8221;60px||||false|false&#8221; min_height=&#8221;550px&#8221; height=&#8221;100px&#8221; custom_margin=&#8221;||||false|false&#8221; global_colors_info=&#8221;{}&#8221;]<\/p>\n<div dir=\"ltr\">\n<div><b data-olk-copy-source=\"MessageBody\">\u03a4\u0397\u0395 World University Rankings by Subject 2026: Medical and Health<\/b><\/div>\n<div>European University Cyprus has been ranked among the top 501-600 universities globally on the Times Higher Education (THE) World University Rankings by Subject 2026 for Medicine, Dentistry and Health Sciences.\u00a0 Assessed on rigorous performance indicators, this ranking reaffirms EUC\u2019s commitment to excellence in Medical and Dental education and other health disciplines.<\/div>\n<\/div>\n<p>[\/et_pb_blurb][\/et_pb_column][\/et_pb_row][\/et_pb_section]<\/p>\n","protected":false},"excerpt":{"rendered":"<p>Bachelorstudiengang Biomedizinische Wissenschaften (B.Sc.)Infobrosch\u00fcre anfordernDas neue Semester beginnt im Oktober 2026AbschlussBachelorstudiengangLehreAuf dem CampusOrtFrankfurtUnterrichtsspracheEnglischStudienstartWintersemesterOktober 2026Biomedizinische Wissenschaften studieren an der European University Cyprus \u2013 Campus Frankfurt Der Bachelorstudiengang Biomedizinische Wissenschaften (B.Sc.) am Campus Frankfurt der European University Cyprus vermittelt eine fundierte naturwissenschaftliche Ausbildung mit klarem Praxis- und Forschungsbezug. Das Studium richtet sich an Studieninteressierte, die eine akademische [&hellip;]<\/p>\n","protected":false},"author":3,"featured_media":0,"parent":0,"menu_order":0,"comment_status":"closed","ping_status":"closed","template":"","meta":{"_acf_changed":false,"_et_pb_use_builder":"on","_et_pb_old_content":"","_et_gb_content_width":"","footnotes":""},"class_list":["post-7786","page","type-page","status-publish","hentry"],"acf":[],"_links":{"self":[{"href":"https:\/\/study.euc.ac.cy\/de\/wp-json\/wp\/v2\/pages\/7786","targetHints":{"allow":["GET"]}}],"collection":[{"href":"https:\/\/study.euc.ac.cy\/de\/wp-json\/wp\/v2\/pages"}],"about":[{"href":"https:\/\/study.euc.ac.cy\/de\/wp-json\/wp\/v2\/types\/page"}],"author":[{"embeddable":true,"href":"https:\/\/study.euc.ac.cy\/de\/wp-json\/wp\/v2\/users\/3"}],"replies":[{"embeddable":true,"href":"https:\/\/study.euc.ac.cy\/de\/wp-json\/wp\/v2\/comments?post=7786"}],"version-history":[{"count":7,"href":"https:\/\/study.euc.ac.cy\/de\/wp-json\/wp\/v2\/pages\/7786\/revisions"}],"predecessor-version":[{"id":7812,"href":"https:\/\/study.euc.ac.cy\/de\/wp-json\/wp\/v2\/pages\/7786\/revisions\/7812"}],"wp:attachment":[{"href":"https:\/\/study.euc.ac.cy\/de\/wp-json\/wp\/v2\/media?parent=7786"}],"curies":[{"name":"wp","href":"https:\/\/api.w.org\/{rel}","templated":true}]}}