{"id":2317,"date":"2021-11-18T20:23:52","date_gmt":"2021-11-18T20:23:52","guid":{"rendered":"https:\/\/study.euc.ac.cy\/bachelor-dentistry\/"},"modified":"2024-01-31T11:07:38","modified_gmt":"2024-01-31T08:07:38","slug":"bachelor-dentistry","status":"publish","type":"page","link":"https:\/\/study.euc.ac.cy\/de\/bachelor-dentistry\/","title":{"rendered":"Bachelor of Dental Surgery DE"},"content":{"rendered":"<p>[et_pb_section fb_built=&#8221;1&#8243; _builder_version=&#8221;4.13.0&#8243; _dynamic_attributes=&#8221;background_image&#8221; _module_preset=&#8221;default&#8221; background_image=&#8221;@ET-DC@eyJkeW5hbWljIjp0cnVlLCJjb250ZW50IjoicG9zdF9mZWF0dXJlZF9pbWFnZSIsInNldHRpbmdzIjp7fX0=@&#8221; background_blend=&#8221;darken&#8221; custom_css_main_element=&#8221;background-color: rgba(53,52,48,0.7);&#8221; global_colors_info=&#8221;{}&#8221;][et_pb_row column_structure=&#8221;3_5,2_5&#8243; _builder_version=&#8221;4.13.0&#8243; _module_preset=&#8221;default&#8221; global_colors_info=&#8221;{}&#8221;][et_pb_column type=&#8221;3_5&#8243; _builder_version=&#8221;4.13.0&#8243; _module_preset=&#8221;default&#8221; global_colors_info=&#8221;{}&#8221;][et_pb_text admin_label=&#8221;Program title&#8221; _builder_version=&#8221;4.13.0&#8243; _dynamic_attributes=&#8221;content&#8221; _module_preset=&#8221;default&#8221; text_font=&#8221;|700|||||||&#8221; text_text_color=&#8221;#FFFFFF&#8221; text_font_size=&#8221;45px&#8221; text_line_height=&#8221;1.5em&#8221; custom_margin=&#8221;13%||||false|false&#8221; global_colors_info=&#8221;{}&#8221;]@ET-DC@eyJkeW5hbWljIjp0cnVlLCJjb250ZW50IjoicG9zdF9tZXRhX2tleSIsInNldHRpbmdzIjp7ImJlZm9yZSI6IiIsImFmdGVyIjoiIiwibWV0YV9rZXkiOiJwcm9ncmFtX25hbWUiLCJlbmFibGVfaHRtbCI6Im9mZiJ9fQ==@[\/et_pb_text][et_pb_text admin_label=&#8221;Slogun&#8221; _builder_version=&#8221;4.14.2&#8243; _dynamic_attributes=&#8221;content&#8221; _module_preset=&#8221;default&#8221; text_text_color=&#8221;#FFFFFF&#8221; text_font_size=&#8221;25px&#8221; text_line_height=&#8221;1.5em&#8221; custom_margin=&#8221;10%||||false|false&#8221; custom_padding=&#8221;|||5px|false|false&#8221; custom_css_main_element=&#8221;||  &#8221; border_width_left=&#8221;5px&#8221; border_color_left=&#8221;#E02B20&#8243; global_colors_info=&#8221;{}&#8221;]@ET-DC@eyJkeW5hbWljIjp0cnVlLCJjb250ZW50IjoiY3VzdG9tX21ldGFfc2xvZ3VuIiwic2V0dGluZ3MiOnsiYmVmb3JlIjoiIiwiYWZ0ZXIiOiIiLCJlbmFibGVfaHRtbCI6Im9uIn19@[\/et_pb_text][\/et_pb_column][et_pb_column type=&#8221;2_5&#8243; _builder_version=&#8221;4.13.0&#8243; _module_preset=&#8221;default&#8221; background_color=&#8221;#000000&#8243; custom_padding=&#8221;10px|10px|10px|10px|false|false&#8221; box_shadow_style=&#8221;preset1&#8243; global_colors_info=&#8221;{}&#8221;][et_pb_text admin_label=&#8221;Request Information&#8221; _builder_version=&#8221;4.14.2&#8243; _module_preset=&#8221;default&#8221; text_font=&#8221;|700|||||||&#8221; text_text_color=&#8221;#FFFFFF&#8221; text_font_size=&#8221;30px&#8221; text_orientation=&#8221;center&#8221; custom_margin=&#8221;||4%||false|false&#8221; global_colors_info=&#8221;{}&#8221;]Informationsanfrage[\/et_pb_text][et_pb_text admin_label=&#8221;Form subtitle&#8221; _builder_version=&#8221;4.14.2&#8243; _module_preset=&#8221;default&#8221; text_font=&#8221;||||||||&#8221; text_text_color=&#8221;#eeeeee&#8221; text_font_size=&#8221;16px&#8221; text_orientation=&#8221;center&#8221; custom_margin=&#8221;||4%||false|false&#8221; global_colors_info=&#8221;{}&#8221;]<\/p>\n<p>Das neue Semester beginnt im Oktober 2024<\/p>\n<p>[\/et_pb_text][et_pb_text _builder_version=&#8221;4.13.0&#8243; _dynamic_attributes=&#8221;content&#8221; _module_preset=&#8221;default&#8221; global_colors_info=&#8221;{}&#8221;]@ET-DC@eyJkeW5hbWljIjp0cnVlLCJjb250ZW50IjoicG9zdF9tZXRhX2tleSIsInNldHRpbmdzIjp7ImJlZm9yZSI6IltncmF2aXR5Zm9ybSBpZD1cIjFcIiB0aXRsZT1cImZhbHNlXCIgZGVzY3JpcHRpb249XCJmYWxzZVwiIGFqYXg9XCJ0cnVlXCIgZmllbGRfdmFsdWVzPVwiYXJlYS1vZi1zdHVkeT0iLCJhZnRlciI6IlwiXSIsIm1ldGFfa2V5IjoicHJvZ3JhbV9jcm1fdmFsdWUiLCJlbmFibGVfaHRtbCI6Im9mZiJ9fQ==@[\/et_pb_text][\/et_pb_column][\/et_pb_row][\/et_pb_section][et_pb_section fb_built=&#8221;1&#8243; admin_label=&#8221;Program summary EN&#8221; _builder_version=&#8221;4.13.0&#8243; _module_preset=&#8221;default&#8221; custom_padding=&#8221;10px||0px|||&#8221; saved_tabs=&#8221;all&#8221; global_colors_info=&#8221;{}&#8221;][et_pb_row column_structure=&#8221;1_4,1_4,1_4,1_4&#8243; _builder_version=&#8221;4.13.0&#8243; _module_preset=&#8221;default&#8221; global_colors_info=&#8221;{}&#8221;][et_pb_column type=&#8221;1_4&#8243; _builder_version=&#8221;4.13.0&#8243; _module_preset=&#8221;default&#8221; custom_padding=&#8221;5px||5px||false|false&#8221; border_width_right=&#8221;1px&#8221; border_color_right=&#8221;#cecece&#8221; global_colors_info=&#8221;{}&#8221;][et_pb_text admin_label=&#8221;Degree Awarded&#8221; _builder_version=&#8221;4.14.2&#8243; _module_preset=&#8221;default&#8221; text_font=&#8221;|700|||||||&#8221; text_text_color=&#8221;#ee4123&#8243; text_font_size=&#8221;18px&#8221; text_orientation=&#8221;center&#8221; custom_margin=&#8221;||3%||false|false&#8221; custom_padding=&#8221;||||false|false&#8221; border_color_right=&#8221;#cecece&#8221; global_colors_info=&#8221;{}&#8221;]<\/p>\n<p>Abschluss<\/p>\n<p>[\/et_pb_text][et_pb_text admin_label=&#8221;Language text&#8221; _builder_version=&#8221;4.14.2&#8243; _module_preset=&#8221;default&#8221; text_font_size=&#8221;17px&#8221; text_orientation=&#8221;center&#8221; global_colors_info=&#8221;{}&#8221;]Bachelor &#8211; Abschluss (5 Jahre)[\/et_pb_text][\/et_pb_column][et_pb_column type=&#8221;1_4&#8243; _builder_version=&#8221;4.13.0&#8243; _module_preset=&#8221;default&#8221; custom_padding=&#8221;5px||5px||false|false&#8221; border_color_all=&#8221;#cecece&#8221; border_width_right=&#8221;1px&#8221; global_colors_info=&#8221;{}&#8221;][et_pb_text admin_label=&#8221;Language&#8221; _builder_version=&#8221;4.14.2&#8243; _module_preset=&#8221;default&#8221; text_font=&#8221;|700|||||||&#8221; text_text_color=&#8221;#ee4123&#8243; text_font_size=&#8221;18px&#8221; text_orientation=&#8221;center&#8221; custom_margin=&#8221;||3%||false|false&#8221; custom_padding=&#8221;||||false|false&#8221; border_color_right=&#8221;#cecece&#8221; global_colors_info=&#8221;{}&#8221;]<\/p>\n<p>Sprache\n<\/p>\n<p>[\/et_pb_text][et_pb_text admin_label=&#8221;Language text&#8221; _builder_version=&#8221;4.14.2&#8243; _module_preset=&#8221;default&#8221; text_font_size=&#8221;17px&#8221; text_orientation=&#8221;center&#8221; global_colors_info=&#8221;{}&#8221;]Englisch [\/et_pb_text][\/et_pb_column][et_pb_column type=&#8221;1_4&#8243; _builder_version=&#8221;4.13.0&#8243; _module_preset=&#8221;default&#8221; custom_padding=&#8221;5px||5px||false|false&#8221; border_width_right=&#8221;1px&#8221; border_color_right=&#8221;#cecece&#8221; global_colors_info=&#8221;{}&#8221;][et_pb_text admin_label=&#8221;Methodology&#8221; _builder_version=&#8221;4.14.2&#8243; _module_preset=&#8221;default&#8221; text_font=&#8221;|700|||||||&#8221; text_text_color=&#8221;#ee4123&#8243; text_font_size=&#8221;18px&#8221; text_orientation=&#8221;center&#8221; custom_margin=&#8221;||3%||false|false&#8221; custom_padding=&#8221;||||false|false&#8221; border_color_right=&#8221;#cecece&#8221; global_colors_info=&#8221;{}&#8221;]<\/p>\n<p>Methodik\n<\/p>\n<p>[\/et_pb_text][et_pb_text admin_label=&#8221;Method text&#8221; _builder_version=&#8221;4.14.2&#8243; _module_preset=&#8221;default&#8221; text_font_size=&#8221;17px&#8221; text_orientation=&#8221;center&#8221; global_colors_info=&#8221;{}&#8221;]Mit Pr\u00e4senz[\/et_pb_text][\/et_pb_column][et_pb_column type=&#8221;1_4&#8243; _builder_version=&#8221;4.13.0&#8243; _module_preset=&#8221;default&#8221; custom_padding=&#8221;5px||5px||false|false&#8221; global_colors_info=&#8221;{}&#8221;][et_pb_text admin_label=&#8221;Next Intake&#8221; _builder_version=&#8221;4.14.2&#8243; _module_preset=&#8221;default&#8221; text_font=&#8221;|700|||||||&#8221; text_text_color=&#8221;#ee4123&#8243; text_font_size=&#8221;18px&#8221; text_orientation=&#8221;center&#8221; custom_margin=&#8221;||3%||false|false&#8221; custom_padding=&#8221;||||false|false&#8221; border_color_right=&#8221;#cecece&#8221; global_colors_info=&#8221;{}&#8221;]<\/p>\n<p>N\u00e4chste Einschreibung\n<\/p>\n<p>[\/et_pb_text][et_pb_text admin_label=&#8221;Next Intake text&#8221; _builder_version=&#8221;4.14.2&#8243; _module_preset=&#8221;default&#8221; text_font_size=&#8221;17px&#8221; text_orientation=&#8221;center&#8221; global_colors_info=&#8221;{}&#8221;]<\/p>\n<p>Oktober 2024<\/p>\n<p>[\/et_pb_text][\/et_pb_column][\/et_pb_row][\/et_pb_section][et_pb_section fb_built=&#8221;1&#8243; module_id=&#8221;features&#8221; _builder_version=&#8221;4.14.2&#8243; _module_preset=&#8221;default&#8221; custom_padding=&#8221;0px||1px|||&#8221; global_colors_info=&#8221;{}&#8221;][et_pb_row column_structure=&#8221;1_2,1_2&#8243; _builder_version=&#8221;4.13.1&#8243; _module_preset=&#8221;default&#8221; global_colors_info=&#8221;{}&#8221;][et_pb_column type=&#8221;1_2&#8243; _builder_version=&#8221;4.13.1&#8243; _module_preset=&#8221;default&#8221; global_colors_info=&#8221;{}&#8221;][et_pb_text _builder_version=&#8221;4.14.2&#8243; _module_preset=&#8221;default&#8221; global_colors_info=&#8221;{}&#8221;]<\/p>\n<h4>Die Medizinische Fakult\u00e4t bietet einen f\u00fcnf j\u00e4hrigen Zahnmedizin &#8211; Studiengang in englischer Sprache an.<\/h4>\n<ul class=\"iconlist iconlist-large iconlist-color\" style=\"font-size: 15px !important;\">\n<li><i class=\"icon-ok-sign\"><\/i>Der Zahnmedizin- Studiengang an der EUC bietet einen modernen Lehrplan an, der auf dem h\u00f6chsten Europ\u00e4ischen und Nordamerikanischen Ausbildungsniveau basiert<\/li>\n<li><i class=\"icon-ok-sign\"><\/i>Auf dem neuesten Stand der Technik basierende Einrichtungen, einschlie\u00dflich eines Anatomie-Seziersaals und Laboren zum Erwerb klinischer und technischer Kompetenzen, mit Patientensimulatoren und umfangreicher zahnmedizinischer Ausstattung<\/li>\n<li><i class=\"icon-ok-sign\"><\/i>Eine vielf\u00e4ltige Studenten-und Dozentenschaft stellt eine kollaborative Lernumgebung und eine globale Perspektive auf zahnmedizinischem Sektor sicher<\/li>\n<li><i class=\"icon-ok-sign\"><\/i>Der Fachbereich Zahnmedizin ist Mitglied der <strong>Association of Dental Education in Europe (ADEE)<\/strong><\/li>\n<\/ul>\n<p>[\/et_pb_text][\/et_pb_column][et_pb_column type=&#8221;1_2&#8243; _builder_version=&#8221;4.13.1&#8243; _module_preset=&#8221;default&#8221; global_colors_info=&#8221;{}&#8221;][et_pb_video src=&#8221;https:\/\/www.youtube.com\/watch?v=JVuHrwCj-p8&#8243; _builder_version=&#8221;4.13.1&#8243; _module_preset=&#8221;default&#8221; global_colors_info=&#8221;{}&#8221;][\/et_pb_video][\/et_pb_column][\/et_pb_row][\/et_pb_section][et_pb_section fb_built=&#8221;1&#8243; module_id=&#8221;advantages&#8221; _builder_version=&#8221;4.14.2&#8243; _module_preset=&#8221;default&#8221; custom_padding=&#8221;4px|||||&#8221; global_colors_info=&#8221;{}&#8221;][et_pb_row column_structure=&#8221;1_2,1_2&#8243; _builder_version=&#8221;4.13.1&#8243; _module_preset=&#8221;default&#8221; custom_margin=&#8221;-21px|auto||auto||&#8221; global_colors_info=&#8221;{}&#8221;][et_pb_column type=&#8221;1_2&#8243; _builder_version=&#8221;4.13.1&#8243; _module_preset=&#8221;default&#8221; global_colors_info=&#8221;{}&#8221;][et_pb_text _builder_version=&#8221;4.14.2&#8243; _module_preset=&#8221;default&#8221; global_colors_info=&#8221;{}&#8221;]<\/p>\n<p><strong>Auf dem Campus der Zahnklinik<\/strong><br \/>Die klinische Ausbildung an der EUC Zahnklinik erm\u00f6glicht den Studenten einen direkten Kontakt zum Patienten<\/p>\n<p><strong>Professionelle Anerkennung<\/strong><br \/>Die Absolventen qualifizieren sich automatisch als Allgemeine Zahn\u00e4rzte, die in allen 32 L\u00e4ndern der Europ\u00e4ischen Union und der Europ\u00e4ischen Freihandelszone arbeiten k\u00f6nnen. Mitgliedschaft an der Association of Dental Education in Europe stellt die Einhaltung jeder Aktualisierung des Profils und der Kompetenzen der absolvierenden europ\u00e4ischen Zahn\u00e4rzte sicher<\/p>\n<p><strong>Karriere in Zahnmedizin<\/strong><br \/>Die Absolventen k\u00f6nnen ihre eigene Praxis gr\u00fcnden oder in privaten &amp; \u00f6ffentlichen Krankenh\u00e4usern und Versorgungszentren arbeiten<\/p>\n<p>[\/et_pb_text][\/et_pb_column][et_pb_column type=&#8221;1_2&#8243; _builder_version=&#8221;4.13.1&#8243; _module_preset=&#8221;default&#8221; global_colors_info=&#8221;{}&#8221;][et_pb_text _builder_version=&#8221;4.14.2&#8243; _module_preset=&#8221;default&#8221; global_colors_info=&#8221;{}&#8221;]<\/p>\n<p><strong>Internationale Studierende<\/strong><br \/>Unser Zahnmedizin Studiengang zieht internationale Studierende an, wie z.B. aus Deutschland, Italien, Schweden, Norwegen, Gro\u00dfbritannien, Irland, Russland, Neuseeland, Frankreich, Israel und Griechenland.<\/p>\n<p><strong>Studierendenbetreuung<\/strong><br \/>Die geringe Aufnahmezahl der Studenten bedeutet, dass Sie eng mit dem Lehrpersonal arbeiten. Sie werden in kleinen Gruppen unterrichtet und Sie werden das Gef\u00fchl der Zugeh\u00f6rigkeit zu einem starken Team von Kommilitonen und \u00c4rzten bekommen, die Ihnen eine kontinuierliche Unterst\u00fctzung f\u00fcr Ihre pers\u00f6nliche und akademische Entwicklung anbieten.<\/p>\n<p><strong>Spezialisierung<\/strong><br \/>Absolventen k\u00f6nnen sich in Oralchirurgie, Zahnerhaltungskunde , Kinderzahnmedizin, Kieferorthop\u00e4die und anderen Fachgebieten spezialisieren.<\/p>\n<p>[\/et_pb_text][\/et_pb_column][\/et_pb_row][\/et_pb_section][et_pb_section fb_built=&#8221;1&#8243; module_id=&#8221;qs&#8221; _builder_version=&#8221;4.14.2&#8243; background_color=&#8221;#666666&#8243; custom_padding=&#8221;23px||11px|||&#8221; collapsed=&#8221;off&#8221; global_colors_info=&#8221;{}&#8221;][et_pb_row column_structure=&#8221;1_2,1_2&#8243; _builder_version=&#8221;3.25&#8243; background_size=&#8221;initial&#8221; background_position=&#8221;top_left&#8221; background_repeat=&#8221;repeat&#8221; global_colors_info=&#8221;{}&#8221;][et_pb_column type=&#8221;1_2&#8243; _builder_version=&#8221;4.13.0&#8243; _module_preset=&#8221;default&#8221; global_colors_info=&#8221;{}&#8221;][et_pb_image src=&#8221;https:\/\/study.euc.ac.cy\/wp-content\/uploads\/2021\/11\/qs-transparent.png&#8221; title_text=&#8221;qs-transparent&#8221; _builder_version=&#8221;4.13.0&#8243; _module_preset=&#8221;default&#8221; width=&#8221;70%&#8221; module_alignment=&#8221;center&#8221; global_colors_info=&#8221;{}&#8221;][\/et_pb_image][\/et_pb_column][et_pb_column type=&#8221;1_2&#8243; _builder_version=&#8221;4.13.0&#8243; _module_preset=&#8221;default&#8221; global_colors_info=&#8221;{}&#8221;][et_pb_text _builder_version=&#8221;4.14.2&#8243; _module_preset=&#8221;default&#8221; text_text_color=&#8221;#FFFFFF&#8221; header_3_font=&#8221;|700|||||||&#8221; header_3_text_align=&#8221;left&#8221; header_3_text_color=&#8221;#FFFFFF&#8221; header_4_font=&#8221;|700|||||||&#8221; header_4_text_align=&#8221;left&#8221; header_4_text_color=&#8221;#FFFFFF&#8221; global_colors_info=&#8221;{}&#8221;]<\/p>\n<h4>Als Exzellent bewertet<\/h4>\n<h3>F\u00fcnf Sterne Institution<\/h3>\n<p>Die EUC wurde mit einer Gesamtbewertung von f\u00fcnf Sternen durch&#8230; gerankt. Das&#8230;&#8230; bewertet Universit\u00e4ten weltweit nach 50 verschiedenen Kriterien und vergibt in verschiedenen Bereichen zwischen einem und f\u00fcnf Sterne. Die EUC wurde in den Bereichen Lehre, Besch\u00e4ftigungsf\u00e4higkeit, Internationalisierung, Online-Lernen und Inklusivit\u00e4t mit f\u00fcnf Sternen ausgezeichnet. Ihr MD-Programm hat f\u00fcr seine Wettbewerbsf\u00e4higkeit und Qualit\u00e4t ebenfalls f\u00fcnf Sterne erhalten.<\/p>\n<p>[\/et_pb_text][\/et_pb_column][\/et_pb_row][\/et_pb_section][et_pb_section fb_built=&#8221;1&#8243; _builder_version=&#8221;4.13.0&#8243; _module_preset=&#8221;default&#8221; custom_padding=&#8221;9px||25px|||&#8221; saved_tabs=&#8221;all&#8221; collapsed=&#8221;off&#8221; global_colors_info=&#8221;{}&#8221;][et_pb_row _builder_version=&#8221;4.13.0&#8243; _module_preset=&#8221;default&#8221; global_colors_info=&#8221;{}&#8221;][et_pb_column type=&#8221;4_4&#8243; _builder_version=&#8221;4.13.0&#8243; _module_preset=&#8221;default&#8221; global_colors_info=&#8221;{}&#8221;][et_pb_text _builder_version=&#8221;4.14.2&#8243; _module_preset=&#8221;default&#8221; text_font=&#8221;|700|||||||&#8221; text_text_color=&#8221;#ee4123&#8243; text_font_size=&#8221;30px&#8221; text_orientation=&#8221;center&#8221; global_colors_info=&#8221;{}&#8221;]<\/p>\n<p>In Zahlen<\/p>\n<p>[\/et_pb_text][\/et_pb_column][\/et_pb_row][et_pb_row column_structure=&#8221;1_4,1_4,1_4,1_4&#8243; _builder_version=&#8221;4.13.0&#8243; _module_preset=&#8221;default&#8221; collapsed=&#8221;off&#8221; global_colors_info=&#8221;{}&#8221;][et_pb_column type=&#8221;1_4&#8243; _builder_version=&#8221;4.13.0&#8243; _module_preset=&#8221;default&#8221; global_colors_info=&#8221;{}&#8221;][et_pb_icon font_icon=&#8221;&#xf19d;||fa||900&#8243; icon_color=&#8221;#000000&#8243; icon_width=&#8221;80px&#8221; _builder_version=&#8221;4.13.0&#8243; _module_preset=&#8221;default&#8221; custom_margin=&#8221;||1px|||&#8221; global_colors_info=&#8221;{}&#8221;][\/et_pb_icon][et_pb_number_counter number=&#8221;10,000+&#8221; percent_sign=&#8221;off&#8221; _builder_version=&#8221;4.14.2&#8243; _module_preset=&#8221;default&#8221; number_font=&#8221;|600|||||||&#8221; number_text_color=&#8221;#ee4123&#8243; number_font_size=&#8221;42px&#8221; custom_margin=&#8221;-28px|||||&#8221; global_colors_info=&#8221;{}&#8221;][\/et_pb_number_counter][et_pb_divider color=&#8221;#000000&#8243; divider_weight=&#8221;2px&#8221; _builder_version=&#8221;4.13.0&#8243; _module_preset=&#8221;default&#8221; width=&#8221;20%&#8221; module_alignment=&#8221;center&#8221; custom_margin=&#8221;-19px||0px||false|false&#8221; global_colors_info=&#8221;{}&#8221;][\/et_pb_divider][et_pb_text admin_label=&#8221;STUDENTS&#8221; _builder_version=&#8221;4.14.2&#8243; _module_preset=&#8221;default&#8221; text_font_size=&#8221;16px&#8221; text_orientation=&#8221;center&#8221; global_colors_info=&#8221;{}&#8221;]<\/p>\n<p>Studenten<\/p>\n<p>[\/et_pb_text][\/et_pb_column][et_pb_column type=&#8221;1_4&#8243; _builder_version=&#8221;4.13.0&#8243; _module_preset=&#8221;default&#8221; global_colors_info=&#8221;{}&#8221;][et_pb_icon font_icon=&#8221;&#xf57d;||fa||900&#8243; icon_color=&#8221;#000000&#8243; icon_width=&#8221;80px&#8221; _builder_version=&#8221;4.13.0&#8243; _module_preset=&#8221;default&#8221; global_colors_info=&#8221;{}&#8221;][\/et_pb_icon][et_pb_number_counter number=&#8221;90+&#8221; percent_sign=&#8221;off&#8221; _builder_version=&#8221;4.14.2&#8243; _module_preset=&#8221;default&#8221; number_font=&#8221;|600|||||||&#8221; number_text_color=&#8221;#ee4123&#8243; number_font_size=&#8221;42px&#8221; custom_margin=&#8221;-26px|||||&#8221; hover_enabled=&#8221;0&#8243; global_colors_info=&#8221;{}&#8221; sticky_enabled=&#8221;0&#8243;][\/et_pb_number_counter][et_pb_divider color=&#8221;#000000&#8243; divider_weight=&#8221;2px&#8221; _builder_version=&#8221;4.13.0&#8243; _module_preset=&#8221;default&#8221; width=&#8221;20%&#8221; module_alignment=&#8221;center&#8221; custom_margin=&#8221;-19px||0px||false|false&#8221; global_colors_info=&#8221;{}&#8221;][\/et_pb_divider][et_pb_text admin_label=&#8221;NATIONALITIES ON CAMPUS&#8221; _builder_version=&#8221;4.14.2&#8243; _module_preset=&#8221;default&#8221; text_font_size=&#8221;16px&#8221; text_orientation=&#8221;center&#8221; global_colors_info=&#8221;{}&#8221;]<\/p>\n<p>Nationalit\u00e4ten auf dem Campus\n<\/p>\n<p>[\/et_pb_text][\/et_pb_column][et_pb_column type=&#8221;1_4&#8243; _builder_version=&#8221;4.13.0&#8243; _module_preset=&#8221;default&#8221; global_colors_info=&#8221;{}&#8221;][et_pb_icon font_icon=&#8221;&#xf501;||fa||900&#8243; icon_color=&#8221;#000000&#8243; icon_width=&#8221;80px&#8221; _builder_version=&#8221;4.13.0&#8243; _module_preset=&#8221;default&#8221; global_colors_info=&#8221;{}&#8221;][\/et_pb_icon][et_pb_number_counter number=&#8221;23500&#8243; percent_sign=&#8221;off&#8221; _builder_version=&#8221;4.14.2&#8243; _module_preset=&#8221;default&#8221; number_font=&#8221;|600|||||||&#8221; number_text_color=&#8221;#ee4123&#8243; number_font_size=&#8221;42px&#8221; custom_margin=&#8221;-35px|||||&#8221; custom_padding=&#8221;0px|||||&#8221; hover_enabled=&#8221;0&#8243; global_colors_info=&#8221;{}&#8221; sticky_enabled=&#8221;0&#8243;][\/et_pb_number_counter][et_pb_divider color=&#8221;#000000&#8243; divider_weight=&#8221;2px&#8221; _builder_version=&#8221;4.13.0&#8243; _module_preset=&#8221;default&#8221; width=&#8221;20%&#8221; module_alignment=&#8221;center&#8221; custom_margin=&#8221;-19px||0px||false|false&#8221; global_colors_info=&#8221;{}&#8221;][\/et_pb_divider][et_pb_text admin_label=&#8221;ALUMNI&#8221; _builder_version=&#8221;4.14.2&#8243; _module_preset=&#8221;default&#8221; text_font_size=&#8221;16px&#8221; text_orientation=&#8221;center&#8221; global_colors_info=&#8221;{}&#8221;]<\/p>\n<h5>Absolventen<br \/>\n<\/h5>\n<p>[\/et_pb_text][\/et_pb_column][et_pb_column type=&#8221;1_4&#8243; _builder_version=&#8221;4.13.0&#8243; _module_preset=&#8221;default&#8221; global_colors_info=&#8221;{}&#8221;][et_pb_icon font_icon=&#8221;&#xf573;||fa||900&#8243; icon_color=&#8221;#000000&#8243; icon_width=&#8221;80px&#8221; _builder_version=&#8221;4.13.0&#8243; _module_preset=&#8221;default&#8221; global_colors_info=&#8221;{}&#8221;][\/et_pb_icon][et_pb_number_counter number=&#8221;84&#8243; _builder_version=&#8221;4.14.2&#8243; _module_preset=&#8221;default&#8221; number_font=&#8221;|600|||||||&#8221; number_text_color=&#8221;#ee4123&#8243; number_font_size=&#8221;42px&#8221; custom_margin=&#8221;-31px|||||&#8221; hover_enabled=&#8221;0&#8243; global_colors_info=&#8221;{}&#8221; sticky_enabled=&#8221;0&#8243;][\/et_pb_number_counter][et_pb_divider color=&#8221;#000000&#8243; divider_weight=&#8221;2px&#8221; _builder_version=&#8221;4.13.0&#8243; _module_preset=&#8221;default&#8221; width=&#8221;20%&#8221; module_alignment=&#8221;center&#8221; custom_margin=&#8221;-19px||0px||false|false&#8221; global_colors_info=&#8221;{}&#8221;][\/et_pb_divider][et_pb_text admin_label=&#8221;GRADUATE EMPLOYMENT RATE&#8221; _builder_version=&#8221;4.14.2&#8243; _module_preset=&#8221;default&#8221; text_font_size=&#8221;16px&#8221; text_orientation=&#8221;center&#8221; global_colors_info=&#8221;{}&#8221;]<\/p>\n<p>Besch\u00e4ftigungsquote von Hochschulabsolventen\n<\/p>\n<p>[\/et_pb_text][\/et_pb_column][\/et_pb_row][et_pb_row _builder_version=&#8221;4.13.0&#8243; _module_preset=&#8221;default&#8221; global_colors_info=&#8221;{}&#8221;][et_pb_column type=&#8221;4_4&#8243; _builder_version=&#8221;4.13.0&#8243; _module_preset=&#8221;default&#8221; global_colors_info=&#8221;{}&#8221;][et_pb_button button_url=&#8221;#gform_1&#8243; button_text=&#8221;F\u00fcllen Sie das Formular aus&#8221; button_alignment=&#8221;center&#8221; admin_label=&#8221;Button&#8221; _builder_version=&#8221;4.14.2&#8243; _module_preset=&#8221;default&#8221; custom_button=&#8221;on&#8221; button_text_color=&#8221;#FFFFFF&#8221; button_bg_color=&#8221;#ee4123&#8243; button_icon=&#8221;&#xf007;||fa||900&#8243; button_icon_color=&#8221;#FFFFFF&#8221; button_icon_placement=&#8221;left&#8221; button_on_hover=&#8221;off&#8221; custom_margin=&#8221;||-50px||false|false&#8221; global_colors_info=&#8221;{}&#8221;][\/et_pb_button][\/et_pb_column][\/et_pb_row][\/et_pb_section]<\/p>\n","protected":false},"excerpt":{"rendered":"<p>InformationsanfrageDas neue Semester beginnt im Oktober 2024AbschlussBachelor &#8211; Abschluss (5 Jahre)Sprache Englisch Methodik Mit Pr\u00e4senzN\u00e4chste Einschreibung Oktober 2024Die Medizinische Fakult\u00e4t bietet einen f\u00fcnf j\u00e4hrigen Zahnmedizin &#8211; Studiengang in englischer Sprache an. Der Zahnmedizin- Studiengang an der EUC bietet einen modernen Lehrplan an, der auf dem h\u00f6chsten Europ\u00e4ischen und Nordamerikanischen Ausbildungsniveau basiert Auf dem neuesten Stand [&hellip;]<\/p>\n","protected":false},"author":1,"featured_media":0,"parent":0,"menu_order":0,"comment_status":"closed","ping_status":"closed","template":"","meta":{"_acf_changed":false,"_et_pb_use_builder":"on","_et_pb_old_content":"","_et_gb_content_width":"","footnotes":""},"class_list":["post-2317","page","type-page","status-publish","hentry"],"acf":[],"_links":{"self":[{"href":"https:\/\/study.euc.ac.cy\/de\/wp-json\/wp\/v2\/pages\/2317","targetHints":{"allow":["GET"]}}],"collection":[{"href":"https:\/\/study.euc.ac.cy\/de\/wp-json\/wp\/v2\/pages"}],"about":[{"href":"https:\/\/study.euc.ac.cy\/de\/wp-json\/wp\/v2\/types\/page"}],"author":[{"embeddable":true,"href":"https:\/\/study.euc.ac.cy\/de\/wp-json\/wp\/v2\/users\/1"}],"replies":[{"embeddable":true,"href":"https:\/\/study.euc.ac.cy\/de\/wp-json\/wp\/v2\/comments?post=2317"}],"version-history":[{"count":0,"href":"https:\/\/study.euc.ac.cy\/de\/wp-json\/wp\/v2\/pages\/2317\/revisions"}],"wp:attachment":[{"href":"https:\/\/study.euc.ac.cy\/de\/wp-json\/wp\/v2\/media?parent=2317"}],"curies":[{"name":"wp","href":"https:\/\/api.w.org\/{rel}","templated":true}]}}